{"id":1157,"date":"2023-03-11T13:39:42","date_gmt":"2023-03-11T13:39:42","guid":{"rendered":"https:\/\/cecile-ecritcom-nli49yk7h6.live-website.com\/?page_id=1157"},"modified":"2023-03-11T21:31:38","modified_gmt":"2023-03-11T21:31:38","slug":"contactez-moi","status":"publish","type":"page","link":"https:\/\/cecile-ecrit.com\/?page_id=1157","title":{"rendered":"Contactez-moi !"},"content":{"rendered":"\n<hr class=\"wp-block-separator has-alpha-channel-opacity is-style-wide\"\/>\n\n\n<div class=\"frm_forms  with_frm_style frm_style_style-formidable\" id=\"frm_form_3_container\" data-token=\"13af8688b9e3c7610e58883a2380f1df\">\n<form enctype=\"multipart\/form-data\" method=\"post\" class=\"frm-show-form \" id=\"form_formulairedecontact2\" data-token=\"13af8688b9e3c7610e58883a2380f1df\">\n<div class=\"frm_form_fields \">\n<fieldset>\n<legend class=\"frm_screen_reader\">Formulaire de contact<\/legend>\r\n\r\n<div class=\"frm_fields_container\">\n<input type=\"hidden\" name=\"frm_action\" value=\"create\" \/>\n<input type=\"hidden\" name=\"form_id\" value=\"3\" \/>\n<input type=\"hidden\" name=\"frm_hide_fields_3\" id=\"frm_hide_fields_3\" value=\"\" \/>\n<input type=\"hidden\" name=\"form_key\" value=\"formulairedecontact2\" \/>\n<input type=\"hidden\" name=\"item_meta[0]\" value=\"\" \/>\n<input type=\"hidden\" id=\"frm_submit_entry_3\" name=\"frm_submit_entry_3\" value=\"a2d2c65ba6\" \/><input type=\"hidden\" name=\"_wp_http_referer\" value=\"\/index.php?rest_route=%2Fwp%2Fv2%2Fpages%2F1157\" \/><div id=\"frm_field_6_container\" class=\"frm_form_field form-field  frm_required_field frm_none_container frm6 frm6 frm_first\">\r\n    <label for=\"field_71qyj\" id=\"field_71qyj_label\" class=\"frm_primary_label\">Nom\r\n        <span class=\"frm_required\" aria-hidden=\"true\">*<\/span>\r\n    <\/label>\r\n    <input type=\"text\" id=\"field_71qyj\" name=\"item_meta[6]\" value=\"\"  placeholder=\"Nom\" data-reqmsg=\"Ce champ ne peut pas \u00eatre vide\" aria-required=\"true\" data-invmsg=\"texte est non valide\" aria-invalid=\"false\"  \/>\r\n    \r\n    \r\n<\/div>\n<div id=\"frm_field_7_container\" class=\"frm_form_field form-field  frm_required_field frm_none_container frm6 frm6\">\r\n    <label for=\"field_kqfsq\" id=\"field_kqfsq_label\" class=\"frm_primary_label\">Pr\u00e9nom\r\n        <span class=\"frm_required\" aria-hidden=\"true\">*<\/span>\r\n    <\/label>\r\n    <input type=\"text\" id=\"field_kqfsq\" name=\"item_meta[7]\" value=\"\"  placeholder=\"Pr\u00e9nom\" data-reqmsg=\"Ce champ ne peut pas \u00eatre vide\" aria-required=\"true\" data-invmsg=\"texte est non valide\" aria-invalid=\"false\"  \/>\r\n    \r\n    \r\n<\/div>\n<div id=\"frm_field_8_container\" class=\"frm_form_field form-field  frm_required_field frm_none_container frm12 frm_first\">\r\n    <label for=\"field_gqbg8\" id=\"field_gqbg8_label\" class=\"frm_primary_label\">Email\r\n        <span class=\"frm_required\" aria-hidden=\"true\">*<\/span>\r\n    <\/label>\r\n    <input type=\"email\" id=\"field_gqbg8\" name=\"item_meta[8]\" value=\"\"  placeholder=\"Email\" data-reqmsg=\"Ce champ ne peut pas \u00eatre vide\" aria-required=\"true\" data-invmsg=\"Email est non valide\" aria-invalid=\"false\"  \/>\r\n    \r\n    \r\n<\/div>\n<div id=\"frm_field_9_container\" class=\"frm_form_field form-field  frm_hidden_container frm12 frm_first\">\r\n    <label for=\"field_cvaoh\" id=\"field_cvaoh_label\" class=\"frm_primary_label\">Objet\r\n        <span class=\"frm_required\" aria-hidden=\"true\"><\/span>\r\n    <\/label>\r\n    <input type=\"text\" id=\"field_cvaoh\" name=\"item_meta[9]\" value=\"\"  placeholder=\"Objet\" data-invmsg=\"texte est non valide\" aria-invalid=\"false\"  \/>\r\n    \r\n    \r\n<\/div>\n<div id=\"frm_field_10_container\" class=\"frm_form_field form-field  frm_required_field frm_none_container frm12 frm_first\">\r\n    <label for=\"field_wb1ie\" id=\"field_wb1ie_label\" class=\"frm_primary_label\">Message\r\n        <span class=\"frm_required\" aria-hidden=\"true\">*<\/span>\r\n    <\/label>\r\n    <textarea name=\"item_meta[10]\" id=\"field_wb1ie\" rows=\"5\"  placeholder=\"Tapez ici votre message\" data-reqmsg=\"Ce champ ne peut pas \u00eatre vide\" aria-required=\"true\" data-invmsg=\"Message est non valide\" aria-invalid=\"false\"  ><\/textarea>\r\n    \r\n    \r\n<\/div>\n<div id=\"frm_field_12_container\" class=\"frm_form_field form-field  frm_required_field frm_none_container vertical_radio\">\r\n    <div  id=\"field_83ovj_label\" class=\"frm_primary_label\">Protection des donn\u00e9es\r\n        <span class=\"frm_required\" aria-hidden=\"true\">*<\/span>\r\n    <\/div>\r\n    <div class=\"frm_opt_container\" aria-labelledby=\"field_83ovj_label\" role=\"group\">\t\t<div class=\"frm_checkbox\" id=\"frm_checkbox_12-0\">\t\t\t<label  for=\"field_83ovj-0\">\n\t\t\t<input type=\"checkbox\" name=\"item_meta[12][]\" id=\"field_83ovj-0\" value=\"J&#039;accepte que mes donn\u00e9es soient collect\u00e9es par C\u00e9cile RIVET dans le seul but d&#039;obtenir la r\u00e9ponse au message envoy\u00e9. Pour en savoir plus sur la gestion de vos donn\u00e9es personnelles, veuillez vous r\u00e9f\u00e9rer \u00e0 la politique de confidentialit\u00e9. Merci.\"  data-reqmsg=\"Ce champ ne peut pas \u00eatre vide\" data-invmsg=\"Protection des donn\u00e9es est non valide\"   aria-required=\"true\"  \/> J&#8217;accepte que mes donn\u00e9es soient collect\u00e9es par C\u00e9cile RIVET dans le seul but d&#8217;obtenir la r\u00e9ponse au message envoy\u00e9. Pour en savoir plus sur la gestion de vos donn\u00e9es personnelles, veuillez vous r\u00e9f\u00e9rer \u00e0 la politique de confidentialit\u00e9. Merci.<\/label><\/div>\n<\/div>\r\n    \r\n    \r\n<\/div>\n<div id=\"frm_field_13_container\" class=\"frm_form_field form-field  frm_none_container\">\r\n    <label for=\"g-recaptcha-response\" id=\"field_5d2nu_label\" class=\"frm_primary_label\">Captcha\r\n        <span class=\"frm_required\" aria-hidden=\"true\"><\/span>\r\n    <\/label>\r\n    \r\n    \r\n    \r\n<\/div>\n<div id=\"frm_field_14_container\" class=\"frm_form_field form-field  frm_none_container\">\r\n    <label for=\"g-recaptcha-response\" id=\"field_gct2e_label\" class=\"frm_primary_label\">Captcha\r\n        <span class=\"frm_required\" aria-hidden=\"true\"><\/span>\r\n    <\/label>\r\n    \r\n    \r\n    \r\n<\/div>\n<div id=\"frm_field_15_container\" class=\"frm_form_field form-field  frm_none_container\">\r\n    <label for=\"g-recaptcha-response\" id=\"field_q9p0s_label\" class=\"frm_primary_label\">Captcha\r\n        <span class=\"frm_required\" aria-hidden=\"true\"><\/span>\r\n    <\/label>\r\n    \r\n    \r\n    \r\n<\/div>\n<div id=\"frm_field_18_container\" class=\"frm_form_field form-field \">\n\t<div class=\"frm_submit\">\r\n\r\n<button class=\"frm_button_submit\" type=\"submit\"  >Envoyer<\/button>\r\n\r\n\r\n<\/div>\n<\/div>\n\t<input type=\"hidden\" name=\"item_key\" value=\"\" \/>\n\t\t\t<div id=\"frm_field_19_container\">\n\t\t\t<label for=\"field_fe013\" >\n\t\t\t\tSi vous \u00eates un humain, ne remplissez pas ce champ.\t\t\t<\/label>\n\t\t\t<input  id=\"field_fe013\" type=\"text\" class=\"frm_form_field form-field frm_verify\" name=\"item_meta[19]\" value=\"\"  \/>\n\t\t<\/div>\n\t\t<input name=\"frm_state\" type=\"hidden\" value=\"MCwpLmSyF5uUPj9U8VER6ye+Ya7OsQKL+qL0vWnuwec=\" \/><\/div>\n<\/fieldset>\n<\/div>\n\n<\/form>\n<\/div>\n","protected":false},"excerpt":{"rendered":"","protected":false},"author":1,"featured_media":0,"parent":0,"menu_order":0,"comment_status":"closed","ping_status":"closed","template":"","meta":{"ocean_post_layout":"full-screen","ocean_both_sidebars_style":"","ocean_both_sidebars_content_width":0,"ocean_both_sidebars_sidebars_width":0,"ocean_sidebar":"0","ocean_second_sidebar":"0","ocean_disable_margins":"on","ocean_add_body_class":"","ocean_shortcode_before_top_bar":"","ocean_shortcode_after_top_bar":"","ocean_shortcode_before_header":"","ocean_shortcode_after_header":"","ocean_has_shortcode":"","ocean_shortcode_after_title":"","ocean_shortcode_before_footer_widgets":"","ocean_shortcode_after_footer_widgets":"","ocean_shortcode_before_footer_bottom":"","ocean_shortcode_after_footer_bottom":"","ocean_display_top_bar":"default","ocean_display_header":"default","ocean_header_style":"","ocean_center_header_left_menu":"0","ocean_custom_header_template":"0","ocean_custom_logo":0,"ocean_custom_retina_logo":0,"ocean_custom_logo_max_width":0,"ocean_custom_logo_tablet_max_width":0,"ocean_custom_logo_mobile_max_width":0,"ocean_custom_logo_max_height":0,"ocean_custom_logo_tablet_max_height":0,"ocean_custom_logo_mobile_max_height":0,"ocean_header_custom_menu":"0","ocean_menu_typo_font_family":"0","ocean_menu_typo_font_subset":"","ocean_menu_typo_font_size":0,"ocean_menu_typo_font_size_tablet":0,"ocean_menu_typo_font_size_mobile":0,"ocean_menu_typo_font_size_unit":"px","ocean_menu_typo_font_weight":"","ocean_menu_typo_font_weight_tablet":"","ocean_menu_typo_font_weight_mobile":"","ocean_menu_typo_transform":"","ocean_menu_typo_transform_tablet":"","ocean_menu_typo_transform_mobile":"","ocean_menu_typo_line_height":0,"ocean_menu_typo_line_height_tablet":0,"ocean_menu_typo_line_height_mobile":0,"ocean_menu_typo_line_height_unit":"","ocean_menu_typo_spacing":0,"ocean_menu_typo_spacing_tablet":0,"ocean_menu_typo_spacing_mobile":0,"ocean_menu_typo_spacing_unit":"","ocean_menu_link_color":"","ocean_menu_link_color_hover":"","ocean_menu_link_color_active":"","ocean_menu_link_background":"","ocean_menu_link_hover_background":"","ocean_menu_link_active_background":"","ocean_menu_social_links_bg":"","ocean_menu_social_hover_links_bg":"","ocean_menu_social_links_color":"","ocean_menu_social_hover_links_color":"","ocean_disable_title":"default","ocean_disable_heading":"default","ocean_post_title":"","ocean_post_subheading":"","ocean_post_title_style":"","ocean_post_title_background_color":"","ocean_post_title_background":0,"ocean_post_title_bg_image_position":"","ocean_post_title_bg_image_attachment":"","ocean_post_title_bg_image_repeat":"","ocean_post_title_bg_image_size":"","ocean_post_title_height":0,"ocean_post_title_bg_overlay":0.5,"ocean_post_title_bg_overlay_color":"","ocean_disable_breadcrumbs":"default","ocean_breadcrumbs_color":"","ocean_breadcrumbs_separator_color":"","ocean_breadcrumbs_links_color":"","ocean_breadcrumbs_links_hover_color":"","ocean_display_footer_widgets":"default","ocean_display_footer_bottom":"default","ocean_custom_footer_template":"0","footnotes":""},"class_list":["post-1157","page","type-page","status-publish","hentry","entry","owp-thumbs-layout-horizontal","owp-btn-normal","owp-tabs-layout-horizontal","has-no-thumbnails","has-product-nav"],"yoast_head":"<!-- This site is optimized with the Yoast SEO plugin v27.5 - https:\/\/yoast.com\/product\/yoast-seo-wordpress\/ -->\n<title>Contactez-moi ! - C\u00e9cile \u00e9crit<\/title>\n<meta name=\"robots\" content=\"index, follow, max-snippet:-1, max-image-preview:large, max-video-preview:-1\" \/>\n<link rel=\"canonical\" href=\"https:\/\/cecile-ecrit.com\/?page_id=1157\" \/>\n<meta property=\"og:locale\" content=\"fr_FR\" \/>\n<meta property=\"og:type\" content=\"article\" \/>\n<meta property=\"og:title\" content=\"Contactez-moi ! - C\u00e9cile \u00e9crit\" \/>\n<meta property=\"og:url\" content=\"https:\/\/cecile-ecrit.com\/?page_id=1157\" \/>\n<meta property=\"og:site_name\" content=\"C\u00e9cile \u00e9crit\" \/>\n<meta property=\"article:modified_time\" content=\"2023-03-11T21:31:38+00:00\" \/>\n<meta property=\"og:image\" content=\"https:\/\/i0.wp.com\/cecile-ecrit.com\/wp-content\/uploads\/2023\/03\/Logo-site-image-rectangulaire.png?fit=1996%2C1116&ssl=1\" \/>\n\t<meta property=\"og:image:width\" content=\"1996\" \/>\n\t<meta property=\"og:image:height\" content=\"1116\" \/>\n\t<meta property=\"og:image:type\" content=\"image\/png\" \/>\n<meta name=\"twitter:card\" content=\"summary_large_image\" \/>\n<script type=\"application\/ld+json\" class=\"yoast-schema-graph\">{\"@context\":\"https:\\\/\\\/schema.org\",\"@graph\":[{\"@type\":\"WebPage\",\"@id\":\"https:\\\/\\\/cecile-ecrit.com\\\/?page_id=1157\",\"url\":\"https:\\\/\\\/cecile-ecrit.com\\\/?page_id=1157\",\"name\":\"Contactez-moi ! - C\u00e9cile \u00e9crit\",\"isPartOf\":{\"@id\":\"https:\\\/\\\/cecile-ecrit.com\\\/#website\"},\"datePublished\":\"2023-03-11T13:39:42+00:00\",\"dateModified\":\"2023-03-11T21:31:38+00:00\",\"breadcrumb\":{\"@id\":\"https:\\\/\\\/cecile-ecrit.com\\\/?page_id=1157#breadcrumb\"},\"inLanguage\":\"fr-FR\",\"potentialAction\":[{\"@type\":\"ReadAction\",\"target\":[\"https:\\\/\\\/cecile-ecrit.com\\\/?page_id=1157\"]}]},{\"@type\":\"BreadcrumbList\",\"@id\":\"https:\\\/\\\/cecile-ecrit.com\\\/?page_id=1157#breadcrumb\",\"itemListElement\":[{\"@type\":\"ListItem\",\"position\":1,\"name\":\"Accueil\",\"item\":\"https:\\\/\\\/cecile-ecrit.com\\\/\"},{\"@type\":\"ListItem\",\"position\":2,\"name\":\"Contactez-moi !\"}]},{\"@type\":\"WebSite\",\"@id\":\"https:\\\/\\\/cecile-ecrit.com\\\/#website\",\"url\":\"https:\\\/\\\/cecile-ecrit.com\\\/\",\"name\":\"cecile-ecrit.com\",\"description\":\"Acheter les livres de C\u00e9cile Rivet, lui laisser un avis ou la contacter ? C&#039;est par ici !\",\"publisher\":{\"@id\":\"https:\\\/\\\/cecile-ecrit.com\\\/#organization\"},\"potentialAction\":[{\"@type\":\"SearchAction\",\"target\":{\"@type\":\"EntryPoint\",\"urlTemplate\":\"https:\\\/\\\/cecile-ecrit.com\\\/?s={search_term_string}\"},\"query-input\":{\"@type\":\"PropertyValueSpecification\",\"valueRequired\":true,\"valueName\":\"search_term_string\"}}],\"inLanguage\":\"fr-FR\"},{\"@type\":\"Organization\",\"@id\":\"https:\\\/\\\/cecile-ecrit.com\\\/#organization\",\"name\":\"C\u00e9cile Rivet\",\"url\":\"https:\\\/\\\/cecile-ecrit.com\\\/\",\"logo\":{\"@type\":\"ImageObject\",\"inLanguage\":\"fr-FR\",\"@id\":\"https:\\\/\\\/cecile-ecrit.com\\\/#\\\/schema\\\/logo\\\/image\\\/\",\"url\":\"https:\\\/\\\/cecile-ecrit.com\\\/wp-content\\\/uploads\\\/2023\\\/03\\\/cropped-Logo-site-petite-imgae.png\",\"contentUrl\":\"https:\\\/\\\/cecile-ecrit.com\\\/wp-content\\\/uploads\\\/2023\\\/03\\\/cropped-Logo-site-petite-imgae.png\",\"width\":512,\"height\":512,\"caption\":\"C\u00e9cile Rivet\"},\"image\":{\"@id\":\"https:\\\/\\\/cecile-ecrit.com\\\/#\\\/schema\\\/logo\\\/image\\\/\"},\"sameAs\":[\"https:\\\/\\\/www.instagram.com\\\/cecile.ecrit\\\/\"]}]}<\/script>\n<!-- \/ Yoast SEO plugin. -->","yoast_head_json":{"title":"Contactez-moi ! - C\u00e9cile \u00e9crit","robots":{"index":"index","follow":"follow","max-snippet":"max-snippet:-1","max-image-preview":"max-image-preview:large","max-video-preview":"max-video-preview:-1"},"canonical":"https:\/\/cecile-ecrit.com\/?page_id=1157","og_locale":"fr_FR","og_type":"article","og_title":"Contactez-moi ! - C\u00e9cile \u00e9crit","og_url":"https:\/\/cecile-ecrit.com\/?page_id=1157","og_site_name":"C\u00e9cile \u00e9crit","article_modified_time":"2023-03-11T21:31:38+00:00","og_image":[{"width":1996,"height":1116,"url":"https:\/\/i0.wp.com\/cecile-ecrit.com\/wp-content\/uploads\/2023\/03\/Logo-site-image-rectangulaire.png?fit=1996%2C1116&ssl=1","type":"image\/png"}],"twitter_card":"summary_large_image","schema":{"@context":"https:\/\/schema.org","@graph":[{"@type":"WebPage","@id":"https:\/\/cecile-ecrit.com\/?page_id=1157","url":"https:\/\/cecile-ecrit.com\/?page_id=1157","name":"Contactez-moi ! - C\u00e9cile \u00e9crit","isPartOf":{"@id":"https:\/\/cecile-ecrit.com\/#website"},"datePublished":"2023-03-11T13:39:42+00:00","dateModified":"2023-03-11T21:31:38+00:00","breadcrumb":{"@id":"https:\/\/cecile-ecrit.com\/?page_id=1157#breadcrumb"},"inLanguage":"fr-FR","potentialAction":[{"@type":"ReadAction","target":["https:\/\/cecile-ecrit.com\/?page_id=1157"]}]},{"@type":"BreadcrumbList","@id":"https:\/\/cecile-ecrit.com\/?page_id=1157#breadcrumb","itemListElement":[{"@type":"ListItem","position":1,"name":"Accueil","item":"https:\/\/cecile-ecrit.com\/"},{"@type":"ListItem","position":2,"name":"Contactez-moi !"}]},{"@type":"WebSite","@id":"https:\/\/cecile-ecrit.com\/#website","url":"https:\/\/cecile-ecrit.com\/","name":"cecile-ecrit.com","description":"Acheter les livres de C\u00e9cile Rivet, lui laisser un avis ou la contacter ? C&#039;est par ici !","publisher":{"@id":"https:\/\/cecile-ecrit.com\/#organization"},"potentialAction":[{"@type":"SearchAction","target":{"@type":"EntryPoint","urlTemplate":"https:\/\/cecile-ecrit.com\/?s={search_term_string}"},"query-input":{"@type":"PropertyValueSpecification","valueRequired":true,"valueName":"search_term_string"}}],"inLanguage":"fr-FR"},{"@type":"Organization","@id":"https:\/\/cecile-ecrit.com\/#organization","name":"C\u00e9cile Rivet","url":"https:\/\/cecile-ecrit.com\/","logo":{"@type":"ImageObject","inLanguage":"fr-FR","@id":"https:\/\/cecile-ecrit.com\/#\/schema\/logo\/image\/","url":"https:\/\/cecile-ecrit.com\/wp-content\/uploads\/2023\/03\/cropped-Logo-site-petite-imgae.png","contentUrl":"https:\/\/cecile-ecrit.com\/wp-content\/uploads\/2023\/03\/cropped-Logo-site-petite-imgae.png","width":512,"height":512,"caption":"C\u00e9cile Rivet"},"image":{"@id":"https:\/\/cecile-ecrit.com\/#\/schema\/logo\/image\/"},"sameAs":["https:\/\/www.instagram.com\/cecile.ecrit\/"]}]}},"jetpack_sharing_enabled":true,"_links":{"self":[{"href":"https:\/\/cecile-ecrit.com\/index.php?rest_route=\/wp\/v2\/pages\/1157","targetHints":{"allow":["GET"]}}],"collection":[{"href":"https:\/\/cecile-ecrit.com\/index.php?rest_route=\/wp\/v2\/pages"}],"about":[{"href":"https:\/\/cecile-ecrit.com\/index.php?rest_route=\/wp\/v2\/types\/page"}],"author":[{"embeddable":true,"href":"https:\/\/cecile-ecrit.com\/index.php?rest_route=\/wp\/v2\/users\/1"}],"replies":[{"embeddable":true,"href":"https:\/\/cecile-ecrit.com\/index.php?rest_route=%2Fwp%2Fv2%2Fcomments&post=1157"}],"version-history":[{"count":10,"href":"https:\/\/cecile-ecrit.com\/index.php?rest_route=\/wp\/v2\/pages\/1157\/revisions"}],"predecessor-version":[{"id":2103,"href":"https:\/\/cecile-ecrit.com\/index.php?rest_route=\/wp\/v2\/pages\/1157\/revisions\/2103"}],"wp:attachment":[{"href":"https:\/\/cecile-ecrit.com\/index.php?rest_route=%2Fwp%2Fv2%2Fmedia&parent=1157"}],"curies":[{"name":"wp","href":"https:\/\/api.w.org\/{rel}","templated":true}]}}