{"id":3,"date":"2023-03-07T12:49:34","date_gmt":"2023-03-07T12:49:34","guid":{"rendered":"https:\/\/cecile-ecritcom-nli49yk7h6.live-website.com\/?page_id=3"},"modified":"2024-01-08T22:18:43","modified_gmt":"2024-01-08T20:18:43","slug":"privacy-policy","status":"publish","type":"page","link":"https:\/\/cecile-ecrit.com\/?page_id=3","title":{"rendered":"Politique de confidentialit\u00e9"},"content":{"rendered":"\n<hr class=\"wp-block-separator has-alpha-channel-opacity is-style-wide\"\/>\n\n\n\n<p class=\"has-text-align-center\" style=\"font-size:15px\"><strong>L&#8217;adresse du site internet est : https:\/\/cecile-ecrit.com<\/strong><\/p>\n\n\n\n<hr class=\"wp-block-separator has-text-color has-cyan-bluish-gray-color has-alpha-channel-opacity has-cyan-bluish-gray-background-color has-background is-style-wide\"\/>\n\n\n\n<h2 class=\"wp-block-heading\">Article 1 : Pr\u00e9ambule<\/h2>\n\n\n\n<p>La pr\u00e9sente politique de confidentialit\u00e9 a pour but d\u2019informer les utilisateurs du site :&nbsp;<\/p>\n\n\n\n<ul class=\"wp-block-list\">\n<li>Sur la mani\u00e8re dont sont collect\u00e9es leurs donn\u00e9es personnelles. Sont consid\u00e9r\u00e9es comme des donn\u00e9es personnelles, toute information permettant d\u2019identifier un utilisateur. A ce titre, il peut s\u2019agir : de ses noms et pr\u00e9noms, de son \u00e2ge, de son adresse postale ou email, de sa localisation ou encore de son adresse IP (liste non-exhaustive) ;<\/li>\n\n\n\n<li>Sur les droits dont ils disposent concernant ces donn\u00e9es ;&nbsp;<\/li>\n\n\n\n<li>Sur la personne responsable du traitement des donn\u00e9es \u00e0 caract\u00e8re personnel collect\u00e9es et trait\u00e9es ;&nbsp;<\/li>\n\n\n\n<li>Sur les destinataires de ces donn\u00e9es personnelles ;&nbsp;<\/li>\n\n\n\n<li>Sur la politique en mati\u00e8re de cookies.<\/li>\n<\/ul>\n\n\n\n<p>Cette politique compl\u00e8te les mentions l\u00e9gales et les Conditions G\u00e9n\u00e9rales d\u2019Utilisation consultables par les utilisateurs \u00e0 l\u2019adresse suivante :&nbsp;<a href=\"https:\/\/cecile-ecrit.com\/?page_id=31\" data-type=\"page\" data-id=\"31\">Conditions g\u00e9n\u00e9rales d utilisation et mentions l\u00e9gales<\/a><\/p>\n\n\n\n<p><\/p>\n\n\n\n<h2 class=\"wp-block-heading\">Article 2 : Principes relatifs \u00e0 la collecte et au traitement des donn\u00e9es personnelles<\/h2>\n\n\n\n<p>Conform\u00e9ment \u00e0 l\u2019article 5 du R\u00e8glement europ\u00e9en 2016\/679, les donn\u00e9es \u00e0 caract\u00e8re personnel sont :&nbsp;&nbsp;<\/p>\n\n\n\n<ul class=\"wp-block-list\">\n<li>Trait\u00e9es de mani\u00e8re licite, loyale et transparente au regard de la personne concern\u00e9e&nbsp; ;<\/li>\n\n\n\n<li>Collect\u00e9es pour des finalit\u00e9s d\u00e9termin\u00e9es (cf. Article 3.1 des pr\u00e9sentes), explicites et l\u00e9gitimes, et ne pas \u00eatre trait\u00e9es ult\u00e9rieurement d&#8217;une mani\u00e8re incompatible avec ces finalit\u00e9s ;<\/li>\n\n\n\n<li>Ad\u00e9quates, pertinentes et limit\u00e9es \u00e0 ce qui est n\u00e9cessaire au regard des finalit\u00e9s pour lesquelles elles sont trait\u00e9es ;<\/li>\n\n\n\n<li>Exactes et, si n\u00e9cessaire, tenues \u00e0 jour. Toutes les mesures raisonnables doivent \u00eatre prises pour que les donn\u00e9es \u00e0 caract\u00e8re personnel qui sont inexactes, eu \u00e9gard aux finalit\u00e9s pour lesquelles elles sont trait\u00e9es, soient effac\u00e9es ou rectifi\u00e9es sans tarder ;&nbsp;<\/li>\n\n\n\n<li>Conserv\u00e9es sous une forme permettant l&#8217;identification des personnes concern\u00e9es pendant une dur\u00e9e n&#8217;exc\u00e9dant pas celle n\u00e9cessaire au regard des finalit\u00e9s pour lesquelles elles sont trait\u00e9es ;<\/li>\n\n\n\n<li>Trait\u00e9es de fa\u00e7on \u00e0 garantir une s\u00e9curit\u00e9 appropri\u00e9e des donn\u00e9es collect\u00e9es, y compris la protection contre le traitement non autoris\u00e9 ou illicite et contre la perte, la destruction ou les d\u00e9g\u00e2ts d&#8217;origine accidentelle, \u00e0 l&#8217;aide de mesures techniques ou organisationnelles appropri\u00e9es.&nbsp;<\/li>\n<\/ul>\n\n\n\n<p>Le traitement n&#8217;est licite que si, et dans la mesure o\u00f9, au moins une des conditions suivantes est remplie :<\/p>\n\n\n\n<ul class=\"wp-block-list\">\n<li>La personne concern\u00e9e a consenti au traitement de ses donn\u00e9es \u00e0 caract\u00e8re personnel pour une ou plusieurs finalit\u00e9s sp\u00e9cifiques ;<\/li>\n\n\n\n<li>Le traitement est n\u00e9cessaire \u00e0 l&#8217;ex\u00e9cution d&#8217;un contrat auquel la personne concern\u00e9e est partie ou \u00e0 l&#8217;ex\u00e9cution de mesures pr\u00e9contractuelles prises \u00e0 la demande de celle-ci ;<\/li>\n\n\n\n<li>Le traitement est n\u00e9cessaire au respect d&#8217;une obligation l\u00e9gale \u00e0 laquelle le responsable du traitement est soumis ;<\/li>\n\n\n\n<li>Le traitement est n\u00e9cessaire \u00e0 la sauvegarde des int\u00e9r\u00eats vitaux de la personne concern\u00e9e ou d&#8217;une autre personne physique ;<\/li>\n\n\n\n<li>Le traitement est n\u00e9cessaire \u00e0 l&#8217;ex\u00e9cution d&#8217;une mission d&#8217;int\u00e9r\u00eat public ou relevant de l&#8217;exercice de l&#8217;autorit\u00e9 publique dont est investi le responsable du traitement ;<\/li>\n\n\n\n<li>Le traitement est n\u00e9cessaire aux fins des int\u00e9r\u00eats l\u00e9gitimes poursuivis par le responsable du traitement ou par un tiers, \u00e0 moins que ne pr\u00e9valent les int\u00e9r\u00eats ou les libert\u00e9s et droits fondamentaux de la personne concern\u00e9e qui exigent une protection des donn\u00e9es \u00e0 caract\u00e8re personnel, notamment lorsque la personne concern\u00e9e est un enfant.<\/li>\n<\/ul>\n\n\n\n<p><\/p>\n\n\n\n<h2 class=\"wp-block-heading\">Article 3 : Donn\u00e9es \u00e0 caract\u00e8re personnel collect\u00e9es et trait\u00e9es dans le cadre de la navigation sur le site<\/h2>\n\n\n\n<p style=\"font-size:16px;text-decoration:underline\"><strong>Article 3.1 : Donn\u00e9es collect\u00e9es<\/strong><\/p>\n\n\n\n<p>Les donn\u00e9es personnelles collect\u00e9es dans le cadre de notre activit\u00e9 sont les suivantes :&nbsp;<\/p>\n\n\n\n<ul class=\"wp-block-list\">\n<li>Adresse \u00e9lectronique; <\/li>\n\n\n\n<li>Donn\u00e9es communiqu\u00e9es lors de l&#8217;utilisation du service tiers Stripe;<\/li>\n\n\n\n<li>Donn\u00e9es indiqu\u00e9es dans la politique de confidentialit\u00e9 du service tiers Paypal; <\/li>\n\n\n\n<li>Donn\u00e9es d&#8217;utilisation; <\/li>\n\n\n\n<li>Informations de paiement; <\/li>\n\n\n\n<li>Informations sur l&#8217;appareil;<\/li>\n\n\n\n<li>Nom et Pr\u00e9nom<\/li>\n<\/ul>\n\n\n\n<p><\/p>\n\n\n\n<p>La collecte et le traitement de ces donn\u00e9es r\u00e9pond aux finalit\u00e9s suivantes :&nbsp;<\/p>\n\n\n\n<ul class=\"wp-block-list\">\n<li>Formulaire de contact<\/li>\n\n\n\n<li>Utilisation du service tiers de paiement Stripe<\/li>\n\n\n\n<li>Utilisation du service tiers de paiement Paypal<\/li>\n<\/ul>\n\n\n\n<p><\/p>\n\n\n\n<p style=\"font-size:16px;text-decoration:underline\"><strong>Article 3.2 : R\u00e8glement g\u00e9n\u00e9ral de protection des donn\u00e9es relatif au formulaire de contact<\/strong><\/p>\n\n\n\n<p>Les informations recueillies sur ce formulaire sont enregistr\u00e9es dans un fichier informatis\u00e9 par C\u00e9cile RIVET<strong> (<\/strong>c.rivet@live.fr<strong>) <\/strong>pour : pouvoir vous contacter, vous informer de vos commandes et les livrer. <\/p>\n\n\n\n<p>La base l\u00e9gale du traitement est le consentement lors des inscriptions, de l\u2019achat ou de la prise de contact.<\/p>\n\n\n\n<p>Les donn\u00e9es collect\u00e9es seront communiqu\u00e9es aux seuls destinataires suivants : C\u00e9cile RIVET (c.rivet@live.fr)<\/p>\n\n\n\n<p>Les donn\u00e9es sont conserv\u00e9es pendant 12 mois.<\/p>\n\n\n\n<p>Vous pouvez acc\u00e9der aux donn\u00e9es vous concernant, les rectifier, demander leur effacement ou exercer votre droit \u00e0 la limitation du traitement de vos donn\u00e9es. <\/p>\n\n\n\n<p>Consultez le site&nbsp;cnil.fr pour plus d\u2019informations sur vos droits.<\/p>\n\n\n\n<p>Pour exercer ces droits ou pour toute question sur le traitement de vos donn\u00e9es dans ce dispositif, vous pouvez contacter&nbsp;: C\u00e9cile RIVET (c.rivet@live.fr).<\/p>\n\n\n\n<p>Si vous estimez, apr\u00e8s m&#8217;avoir contact\u00e9e, que vos droits \u00ab&nbsp;Informatique et Libert\u00e9s&nbsp;\u00bb ne sont pas respect\u00e9s, vous pouvez adresser une r\u00e9clamation \u00e0 la CNIL.<\/p>\n\n\n\n<p><\/p>\n\n\n\n<p style=\"font-size:16px;text-decoration:underline\"><strong>Article 3.3 : H\u00e9bergement du site<\/strong><\/p>\n\n\n\n<p style=\"font-size:14px\"><strong>Identit\u00e9 de l\u2019h\u00e9bergeur du site : <\/strong><\/p>\n\n\n\n<p>Ionos, Ionos SARL<br>7 place de la gare, 57200 Sarreguemines<br>Tel : 09.70.80.89.11<\/p>\n\n\n\n<p><\/p>\n\n\n\n<h2 class=\"wp-block-heading\">Article 4 : Propri\u00e9taire du site internet cecile.ecrit.com<\/h2>\n\n\n\n<p>C\u00e9cile RIVET<br>Entreprise individuelle : cecile.ecrit<br>n\u00b0 SIRET : 85256060600042<br>Contact mail : c.rivet@live.fr<\/p>\n\n\n\n<p><\/p>\n\n\n\n<p>Le Site assure \u00e0 l\u2019utilisateur une collecte et un traitement d\u2019informations personnelles dans le respect de la vie priv\u00e9e conform\u00e9ment \u00e0 la loi n\u00b078-17 du 6 janvier 1978 relative \u00e0 l\u2019informatique, aux fichiers et aux libert\u00e9s.&nbsp;<\/p>\n\n\n\n<p>En vertu de la loi Informatique et Libert\u00e9s, en date du 6 janvier 1978, l\u2019Utilisateur dispose d\u2019un droit d\u2019acc\u00e8s, de rectification, de suppression et d\u2019opposition de ses donn\u00e9es personnelles. L\u2019Utilisateur exerce ce droit par mail \u00e0 l&#8217;adresse email : c.rivet@live.fr<\/p>\n\n\n\n<p><br><\/p>\n","protected":false},"excerpt":{"rendered":"<p>L&#8217;adresse du site internet est : https:\/\/cecile-ecrit.com Article 1 : Pr\u00e9ambule La pr\u00e9sente politique de confidentialit\u00e9 a pour but d\u2019informer les utilisateurs du site :&nbsp; Cette politique compl\u00e8te les mentions [&hellip;]<\/p>\n","protected":false},"author":1,"featured_media":0,"parent":0,"menu_order":0,"comment_status":"closed","ping_status":"open","template":"","meta":{"ocean_post_layout":"full-width","ocean_both_sidebars_style":"","ocean_both_sidebars_content_width":0,"ocean_both_sidebars_sidebars_width":0,"ocean_sidebar":"0","ocean_second_sidebar":"0","ocean_disable_margins":"on","ocean_add_body_class":"","ocean_shortcode_before_top_bar":"","ocean_shortcode_after_top_bar":"","ocean_shortcode_before_header":"","ocean_shortcode_after_header":"","ocean_has_shortcode":"","ocean_shortcode_after_title":"","ocean_shortcode_before_footer_widgets":"","ocean_shortcode_after_footer_widgets":"","ocean_shortcode_before_footer_bottom":"","ocean_shortcode_after_footer_bottom":"","ocean_display_top_bar":"default","ocean_display_header":"default","ocean_header_style":"","ocean_center_header_left_menu":"0","ocean_custom_header_template":"0","ocean_custom_logo":0,"ocean_custom_retina_logo":0,"ocean_custom_logo_max_width":0,"ocean_custom_logo_tablet_max_width":0,"ocean_custom_logo_mobile_max_width":0,"ocean_custom_logo_max_height":0,"ocean_custom_logo_tablet_max_height":0,"ocean_custom_logo_mobile_max_height":0,"ocean_header_custom_menu":"0","ocean_menu_typo_font_family":"0","ocean_menu_typo_font_subset":"","ocean_menu_typo_font_size":0,"ocean_menu_typo_font_size_tablet":0,"ocean_menu_typo_font_size_mobile":0,"ocean_menu_typo_font_size_unit":"px","ocean_menu_typo_font_weight":"","ocean_menu_typo_font_weight_tablet":"","ocean_menu_typo_font_weight_mobile":"","ocean_menu_typo_transform":"","ocean_menu_typo_transform_tablet":"","ocean_menu_typo_transform_mobile":"","ocean_menu_typo_line_height":0,"ocean_menu_typo_line_height_tablet":0,"ocean_menu_typo_line_height_mobile":0,"ocean_menu_typo_line_height_unit":"","ocean_menu_typo_spacing":0,"ocean_menu_typo_spacing_tablet":0,"ocean_menu_typo_spacing_mobile":0,"ocean_menu_typo_spacing_unit":"","ocean_menu_link_color":"","ocean_menu_link_color_hover":"","ocean_menu_link_color_active":"","ocean_menu_link_background":"","ocean_menu_link_hover_background":"","ocean_menu_link_active_background":"","ocean_menu_social_links_bg":"","ocean_menu_social_hover_links_bg":"","ocean_menu_social_links_color":"","ocean_menu_social_hover_links_color":"","ocean_disable_title":"default","ocean_disable_heading":"default","ocean_post_title":"","ocean_post_subheading":"","ocean_post_title_style":"","ocean_post_title_background_color":"","ocean_post_title_background":0,"ocean_post_title_bg_image_position":"","ocean_post_title_bg_image_attachment":"","ocean_post_title_bg_image_repeat":"","ocean_post_title_bg_image_size":"","ocean_post_title_height":0,"ocean_post_title_bg_overlay":0.5,"ocean_post_title_bg_overlay_color":"","ocean_disable_breadcrumbs":"default","ocean_breadcrumbs_color":"","ocean_breadcrumbs_separator_color":"","ocean_breadcrumbs_links_color":"","ocean_breadcrumbs_links_hover_color":"","ocean_display_footer_widgets":"default","ocean_display_footer_bottom":"default","ocean_custom_footer_template":"0","footnotes":""},"class_list":["post-3","page","type-page","status-publish","hentry","entry","owp-thumbs-layout-horizontal","owp-btn-normal","owp-tabs-layout-horizontal","has-no-thumbnails","has-product-nav"],"yoast_head":"<!-- This site is optimized with the Yoast SEO plugin v27.5 - https:\/\/yoast.com\/product\/yoast-seo-wordpress\/ -->\n<title>Politique de confidentialit\u00e9 - C\u00e9cile \u00e9crit<\/title>\n<meta name=\"robots\" content=\"index, follow, max-snippet:-1, max-image-preview:large, max-video-preview:-1\" \/>\n<link rel=\"canonical\" href=\"https:\/\/cecile-ecrit.com\/?page_id=3\" \/>\n<meta property=\"og:locale\" content=\"fr_FR\" \/>\n<meta property=\"og:type\" content=\"article\" \/>\n<meta property=\"og:title\" content=\"Politique de confidentialit\u00e9 - C\u00e9cile \u00e9crit\" \/>\n<meta property=\"og:description\" content=\"L&#8217;adresse du site internet est : https:\/\/cecile-ecrit.com Article 1 : Pr\u00e9ambule La pr\u00e9sente politique de confidentialit\u00e9 a pour but d\u2019informer les utilisateurs du site :&nbsp; Cette politique compl\u00e8te les mentions [&hellip;]\" \/>\n<meta property=\"og:url\" content=\"https:\/\/cecile-ecrit.com\/?page_id=3\" \/>\n<meta property=\"og:site_name\" content=\"C\u00e9cile \u00e9crit\" \/>\n<meta property=\"article:modified_time\" content=\"2024-01-08T20:18:43+00:00\" \/>\n<meta property=\"og:image\" content=\"https:\/\/i0.wp.com\/cecile-ecrit.com\/wp-content\/uploads\/2023\/03\/Logo-site-image-rectangulaire.png?fit=1996%2C1116&ssl=1\" \/>\n\t<meta property=\"og:image:width\" content=\"1996\" \/>\n\t<meta property=\"og:image:height\" content=\"1116\" \/>\n\t<meta property=\"og:image:type\" content=\"image\/png\" \/>\n<meta name=\"twitter:card\" content=\"summary_large_image\" \/>\n<meta name=\"twitter:label1\" content=\"Dur\u00e9e de lecture estim\u00e9e\" \/>\n\t<meta name=\"twitter:data1\" content=\"5 minutes\" \/>\n<script type=\"application\/ld+json\" class=\"yoast-schema-graph\">{\"@context\":\"https:\\\/\\\/schema.org\",\"@graph\":[{\"@type\":\"WebPage\",\"@id\":\"https:\\\/\\\/cecile-ecrit.com\\\/?page_id=3\",\"url\":\"https:\\\/\\\/cecile-ecrit.com\\\/?page_id=3\",\"name\":\"Politique de confidentialit\u00e9 - C\u00e9cile \u00e9crit\",\"isPartOf\":{\"@id\":\"https:\\\/\\\/cecile-ecrit.com\\\/#website\"},\"datePublished\":\"2023-03-07T12:49:34+00:00\",\"dateModified\":\"2024-01-08T20:18:43+00:00\",\"breadcrumb\":{\"@id\":\"https:\\\/\\\/cecile-ecrit.com\\\/?page_id=3#breadcrumb\"},\"inLanguage\":\"fr-FR\",\"potentialAction\":[{\"@type\":\"ReadAction\",\"target\":[\"https:\\\/\\\/cecile-ecrit.com\\\/?page_id=3\"]}]},{\"@type\":\"BreadcrumbList\",\"@id\":\"https:\\\/\\\/cecile-ecrit.com\\\/?page_id=3#breadcrumb\",\"itemListElement\":[{\"@type\":\"ListItem\",\"position\":1,\"name\":\"Accueil\",\"item\":\"https:\\\/\\\/cecile-ecrit.com\\\/\"},{\"@type\":\"ListItem\",\"position\":2,\"name\":\"Politique de confidentialit\u00e9\"}]},{\"@type\":\"WebSite\",\"@id\":\"https:\\\/\\\/cecile-ecrit.com\\\/#website\",\"url\":\"https:\\\/\\\/cecile-ecrit.com\\\/\",\"name\":\"cecile-ecrit.com\",\"description\":\"Acheter les livres de C\u00e9cile Rivet, lui laisser un avis ou la contacter ? C&#039;est par ici !\",\"publisher\":{\"@id\":\"https:\\\/\\\/cecile-ecrit.com\\\/#organization\"},\"potentialAction\":[{\"@type\":\"SearchAction\",\"target\":{\"@type\":\"EntryPoint\",\"urlTemplate\":\"https:\\\/\\\/cecile-ecrit.com\\\/?s={search_term_string}\"},\"query-input\":{\"@type\":\"PropertyValueSpecification\",\"valueRequired\":true,\"valueName\":\"search_term_string\"}}],\"inLanguage\":\"fr-FR\"},{\"@type\":\"Organization\",\"@id\":\"https:\\\/\\\/cecile-ecrit.com\\\/#organization\",\"name\":\"C\u00e9cile Rivet\",\"url\":\"https:\\\/\\\/cecile-ecrit.com\\\/\",\"logo\":{\"@type\":\"ImageObject\",\"inLanguage\":\"fr-FR\",\"@id\":\"https:\\\/\\\/cecile-ecrit.com\\\/#\\\/schema\\\/logo\\\/image\\\/\",\"url\":\"https:\\\/\\\/cecile-ecrit.com\\\/wp-content\\\/uploads\\\/2023\\\/03\\\/cropped-Logo-site-petite-imgae.png\",\"contentUrl\":\"https:\\\/\\\/cecile-ecrit.com\\\/wp-content\\\/uploads\\\/2023\\\/03\\\/cropped-Logo-site-petite-imgae.png\",\"width\":512,\"height\":512,\"caption\":\"C\u00e9cile Rivet\"},\"image\":{\"@id\":\"https:\\\/\\\/cecile-ecrit.com\\\/#\\\/schema\\\/logo\\\/image\\\/\"},\"sameAs\":[\"https:\\\/\\\/www.instagram.com\\\/cecile.ecrit\\\/\"]}]}<\/script>\n<!-- \/ Yoast SEO plugin. -->","yoast_head_json":{"title":"Politique de confidentialit\u00e9 - C\u00e9cile \u00e9crit","robots":{"index":"index","follow":"follow","max-snippet":"max-snippet:-1","max-image-preview":"max-image-preview:large","max-video-preview":"max-video-preview:-1"},"canonical":"https:\/\/cecile-ecrit.com\/?page_id=3","og_locale":"fr_FR","og_type":"article","og_title":"Politique de confidentialit\u00e9 - C\u00e9cile \u00e9crit","og_description":"L&#8217;adresse du site internet est : https:\/\/cecile-ecrit.com Article 1 : Pr\u00e9ambule La pr\u00e9sente politique de confidentialit\u00e9 a pour but d\u2019informer les utilisateurs du site :&nbsp; Cette politique compl\u00e8te les mentions [&hellip;]","og_url":"https:\/\/cecile-ecrit.com\/?page_id=3","og_site_name":"C\u00e9cile \u00e9crit","article_modified_time":"2024-01-08T20:18:43+00:00","og_image":[{"width":1996,"height":1116,"url":"https:\/\/i0.wp.com\/cecile-ecrit.com\/wp-content\/uploads\/2023\/03\/Logo-site-image-rectangulaire.png?fit=1996%2C1116&ssl=1","type":"image\/png"}],"twitter_card":"summary_large_image","twitter_misc":{"Dur\u00e9e de lecture estim\u00e9e":"5 minutes"},"schema":{"@context":"https:\/\/schema.org","@graph":[{"@type":"WebPage","@id":"https:\/\/cecile-ecrit.com\/?page_id=3","url":"https:\/\/cecile-ecrit.com\/?page_id=3","name":"Politique de confidentialit\u00e9 - C\u00e9cile \u00e9crit","isPartOf":{"@id":"https:\/\/cecile-ecrit.com\/#website"},"datePublished":"2023-03-07T12:49:34+00:00","dateModified":"2024-01-08T20:18:43+00:00","breadcrumb":{"@id":"https:\/\/cecile-ecrit.com\/?page_id=3#breadcrumb"},"inLanguage":"fr-FR","potentialAction":[{"@type":"ReadAction","target":["https:\/\/cecile-ecrit.com\/?page_id=3"]}]},{"@type":"BreadcrumbList","@id":"https:\/\/cecile-ecrit.com\/?page_id=3#breadcrumb","itemListElement":[{"@type":"ListItem","position":1,"name":"Accueil","item":"https:\/\/cecile-ecrit.com\/"},{"@type":"ListItem","position":2,"name":"Politique de confidentialit\u00e9"}]},{"@type":"WebSite","@id":"https:\/\/cecile-ecrit.com\/#website","url":"https:\/\/cecile-ecrit.com\/","name":"cecile-ecrit.com","description":"Acheter les livres de C\u00e9cile Rivet, lui laisser un avis ou la contacter ? C&#039;est par ici !","publisher":{"@id":"https:\/\/cecile-ecrit.com\/#organization"},"potentialAction":[{"@type":"SearchAction","target":{"@type":"EntryPoint","urlTemplate":"https:\/\/cecile-ecrit.com\/?s={search_term_string}"},"query-input":{"@type":"PropertyValueSpecification","valueRequired":true,"valueName":"search_term_string"}}],"inLanguage":"fr-FR"},{"@type":"Organization","@id":"https:\/\/cecile-ecrit.com\/#organization","name":"C\u00e9cile Rivet","url":"https:\/\/cecile-ecrit.com\/","logo":{"@type":"ImageObject","inLanguage":"fr-FR","@id":"https:\/\/cecile-ecrit.com\/#\/schema\/logo\/image\/","url":"https:\/\/cecile-ecrit.com\/wp-content\/uploads\/2023\/03\/cropped-Logo-site-petite-imgae.png","contentUrl":"https:\/\/cecile-ecrit.com\/wp-content\/uploads\/2023\/03\/cropped-Logo-site-petite-imgae.png","width":512,"height":512,"caption":"C\u00e9cile Rivet"},"image":{"@id":"https:\/\/cecile-ecrit.com\/#\/schema\/logo\/image\/"},"sameAs":["https:\/\/www.instagram.com\/cecile.ecrit\/"]}]}},"jetpack_sharing_enabled":true,"_links":{"self":[{"href":"https:\/\/cecile-ecrit.com\/index.php?rest_route=\/wp\/v2\/pages\/3","targetHints":{"allow":["GET"]}}],"collection":[{"href":"https:\/\/cecile-ecrit.com\/index.php?rest_route=\/wp\/v2\/pages"}],"about":[{"href":"https:\/\/cecile-ecrit.com\/index.php?rest_route=\/wp\/v2\/types\/page"}],"author":[{"embeddable":true,"href":"https:\/\/cecile-ecrit.com\/index.php?rest_route=\/wp\/v2\/users\/1"}],"replies":[{"embeddable":true,"href":"https:\/\/cecile-ecrit.com\/index.php?rest_route=%2Fwp%2Fv2%2Fcomments&post=3"}],"version-history":[{"count":5,"href":"https:\/\/cecile-ecrit.com\/index.php?rest_route=\/wp\/v2\/pages\/3\/revisions"}],"predecessor-version":[{"id":2123,"href":"https:\/\/cecile-ecrit.com\/index.php?rest_route=\/wp\/v2\/pages\/3\/revisions\/2123"}],"wp:attachment":[{"href":"https:\/\/cecile-ecrit.com\/index.php?rest_route=%2Fwp%2Fv2%2Fmedia&parent=3"}],"curies":[{"name":"wp","href":"https:\/\/api.w.org\/{rel}","templated":true}]}}