{"id":30,"date":"2023-03-10T23:54:42","date_gmt":"2023-03-10T23:54:42","guid":{"rendered":"https:\/\/cecile-ecritcom-nli49yk7h6.live-website.com\/?page_id=30"},"modified":"2024-09-28T17:34:45","modified_gmt":"2024-09-28T15:34:45","slug":"conditions-generales-dutilisation-et-mentions-legales","status":"publish","type":"page","link":"https:\/\/cecile-ecrit.com\/?page_id=30","title":{"rendered":"Conditions g\u00e9n\u00e9rales de vente et mentions l\u00e9gales"},"content":{"rendered":"\n<p><\/p>\n\n\n\n<hr class=\"wp-block-separator has-alpha-channel-opacity is-style-wide\"\/>\n\n\n\n<h2 class=\"wp-block-heading\">Conditions g\u00e9n\u00e9rales de vente (CGV)<\/h2>\n\n\n\n<p>Les pr\u00e9sentes conditions de vente sont conclues entre le vendeur (C\u00e9cile RIVET) et l&#8217;acheteur (toute personne physique ou morale souhaitant proc\u00e9der \u00e0 un achat via le site www.cecile-ecrit.com).&nbsp;<\/p>\n\n\n\n<p>L\u2019acheteur d\u00e9clare avoir lu et compris les pr\u00e9sentes Conditions G\u00e9n\u00e9rales de Vente.<\/p>\n\n\n\n<p style=\"font-size:16px;text-decoration:underline\"><strong>Article 1 : Objet<\/strong><\/p>\n\n\n\n<p>Les pr\u00e9sentes conditions de vente visent \u00e0 d\u00e9finir les relations contractuelles entre C\u00e9cile RIVET et l\u2019acheteur et les conditions applicables \u00e0 tout achat effectu\u00e9 par le biais du site internet www.cecile-ecrit.com. L\u2019achat d\u2019un produit implique une acceptation sans r\u00e9serve par l\u2019acheteur des pr\u00e9sentes conditions de vente dont l\u2019acheteur reconna\u00eet avoir pris connaissance pr\u00e9alablement \u00e0 sa commande.&nbsp;<\/p>\n\n\n\n<p>C\u00e9cile RIVET conserve la possibilit\u00e9 de modifier \u00e0 tout moment ces conditions de ventes, afin de respecter toute nouvelle r\u00e9glementation ou dans le but d\u2019am\u00e9liorer l\u2019utilisation de son site. De ce fait, les conditions applicables seront celles en vigueur \u00e0 la date de la commande par l\u2019acheteur.&nbsp;<\/p>\n\n\n\n<p style=\"font-size:16px;text-decoration:underline\"><strong>Article 2 : Produits<\/strong><\/p>\n\n\n\n<p>Les produits propos\u00e9s sont ceux qui figurent sur le site www.cecile-ecrit.com dans la limite des stocks disponibles. C\u00e9cile RIVET se r\u00e9serve le droit de modifier \u00e0 tout moment l\u2019assortiment de produits. Chaque produit pr\u00e9sent\u00e9 sur le site sous forme d\u2019un descriptif reprenant ses principales caract\u00e9ristiques techniques. Les photographies sont les plus fid\u00e8les possibles mais n\u2019engagent en rien C\u00e9cile RIVET. La vente des produits pr\u00e9sent\u00e9s dans le site www.cecile-ecrit.com est destin\u00e9e \u00e0 tous les acheteurs r\u00e9sidants dans les pays qui autorisent pleinement l\u2019entr\u00e9e sur leur territoire de ces produits.&nbsp;<\/p>\n\n\n\n<p style=\"font-size:16px;text-decoration:underline\"><strong>Article 3 : Tarifs<\/strong><\/p>\n\n\n\n<p>Les prix affich\u00e9s sur le site www.cecile-ecrit.com sont des prix en Euros toutes taxes comprises. C\u00e9cile RIVET se r\u00e9serve le droit de modifier ses prix \u00e0 tout moment. Le prix figurant sur le site, le jour de la commande sera le seul applicable \u00e0 l\u2019acheteur. Les prix indiqu\u00e9s ne comprennent pas les frais de livraison, factur\u00e9s en suppl\u00e9ment du prix des produis achet\u00e9s.<\/p>\n\n\n\n<p style=\"font-size:16px;text-decoration:underline\"><strong>Article 4 : Commande et modalit\u00e9s de paiements<\/strong><\/p>\n\n\n\n<p>L\u2019acheteur n\u2019est pas oblig\u00e9 de se cr\u00e9er un compte personnel pour passer une commande. Mais pour accepter la commande certaines donn\u00e9es personnelles de l\u2019acheteur sont obligatoires.&nbsp;<\/p>\n\n\n\n<p>L\u2019acheteur s\u00e9lectionne les produits qu\u2019il souhaite commander dans le \u00ab&nbsp;panier&nbsp;\u00bb, v\u00e9rifie l\u2019adresse de livraison. Puis, les frais de port qui sont calcul\u00e9s et soumis \u00e0 l\u2019acheteur. Ensuite l\u2019acheteur passe au paiement par carte bleue, virement bancaire ou Paypal. Si le paiement est accept\u00e9, la commande est enregistr\u00e9e alors la confirmation d\u2019une commande entra\u00eene acceptation des pr\u00e9sentes CGV, la reconnaissance d\u2019en avoir parfaite connaissance et la renonciation \u00e0 se pr\u00e9valoir de ses propres conditions d\u2019achat. L\u2019ensemble des donn\u00e9es fournies et la confirmation enregistr\u00e9e vaudront preuve de la transaction.<\/p>\n\n\n\n<p>C\u00e9cile RIVET se r\u00e9serve le droit d\u2019annuler une commande en cas de probl\u00e8me d\u2019approvisionnement, ou en cas de probl\u00e8mes concernant la commande re\u00e7ue.&nbsp;<\/p>\n\n\n\n<p>Si l\u2019acheteur souhaite contacter C\u00e9cile RIVET, il peut le faire par email \u00e0 l\u2019adresse suivante : c.rivet@live.fr&nbsp;<\/p>\n\n\n\n<p style=\"font-size:16px;text-decoration:underline\"><strong>Article 5 : R\u00e9serve de propri\u00e9t\u00e9<\/strong><\/p>\n\n\n\n<p>&nbsp;C\u00e9cile RIVET conserve la propri\u00e9t\u00e9 pleine et enti\u00e8re des produits vendus jusqu\u2019au parfait encaissement du prix, en principal, frais et taxes comprises.&nbsp;<\/p>\n\n\n\n<p style=\"font-size:16px;text-decoration:underline\"><strong>Article 6 : R\u00e9tractation<\/strong><\/p>\n\n\n\n<p>En vertu de l\u2019article L121-20 du Code la consommation, l\u2019acheteur dispose d\u2019un d\u00e9lai de quatorze jours ouvrables \u00e0 compter de la livraison de leur commande pour exercer son droit de r\u00e9traction et ainsi faire un retour du produit pour \u00e9change ou remboursement sans p\u00e9nalit\u00e9, \u00e0 l\u2019exception des frais de retour.&nbsp;<\/p>\n\n\n\n<p>L\u2019adresse de retour : C\u00e9cile RIVET, 1 bis rue Fran\u00e7ois Kergoat, 56260 Larmor-Plage<\/p>\n\n\n\n<p style=\"font-size:16px;text-decoration:underline\"><strong>Article 7 : Livraison<\/strong><\/p>\n\n\n\n<p>Les livraisons sont faites \u00e0 l\u2019adresse indiqu\u00e9e sur le bon de commande. Les commandes sont effectu\u00e9es par La Poste, Mondial Relay ou Relais Colis.\u00a0<\/p>\n\n\n\n<p>Les risques li\u00e9s au transport sont \u00e0 la charge de l\u2019acqu\u00e9reur \u00e0 compter du moment o\u00f9 les articles sont exp\u00e9di\u00e9s.<\/p>\n\n\n\n<p style=\"font-size:16px;text-decoration:underline\"><strong>Article 8 : Garantie<\/strong><\/p>\n\n\n\n<p>Tous les produits fournis par cecile-ecrit b\u00e9n\u00e9ficient de la garantie l\u00e9gale pr\u00e9vue par les articles 1641 et suivants du Code civil. En cas de non-conformit\u00e9 d\u2019un produit vendu, il pourra \u00eatre retourn\u00e9 \u00e0 C\u00e9cile RIVET qui le reprendra, l\u2019\u00e9changera, ou le remboursera.<\/p>\n\n\n\n<p>Toutes les r\u00e9clamations, demandes d\u2019\u00e9changes ou de remboursement doivent s\u2019effectuer par email : c.rivet@live.fr&nbsp;dans un d\u00e9lai de quinze jours apr\u00e8s livraison.<\/p>\n\n\n\n<p style=\"font-size:16px;text-decoration:underline\"><strong>Article 9 : Responsabilit\u00e9<\/strong><\/p>\n\n\n\n<p>C\u00e9cile RIVET dans le processus de vente \u00e0 distance, n\u2019est tenue que par une obligation de moyens. Sa responsabilit\u00e9 ne pourra \u00eatre engag\u00e9e pour un dommage r\u00e9sultant de l\u2019utilisation du r\u00e9seau Internet tel que perte de donn\u00e9es, intrusion, virus, rupture du service, ou autres probl\u00e8mes involontaires.<\/p>\n\n\n\n<p style=\"font-size:16px;text-decoration:underline\"><strong>Article 10 : Propri\u00e9t\u00e9 intellectuelle<\/strong><\/p>\n\n\n\n<p>Tous les \u00e9l\u00e9ments du site www.cecile-ecrit.com sont et restent la propri\u00e9t\u00e9 intellectuelle et exclusive de C\u00e9cile RIVET. Personne n\u2019est autoris\u00e9 \u00e0 reproduire, exploiter, ou utiliser \u00e0 quelque titre que ce soit, m\u00eame partiellement, des \u00e9l\u00e9ments du site qu\u2019ils soient sous forme de photo, logo, visuel ou texte.<\/p>\n\n\n\n<p style=\"font-size:16px;text-decoration:underline\"><strong>Article 11 : Donn\u00e9es \u00e0 caract\u00e8re personnel<\/strong><\/p>\n\n\n\n<p>C\u00e9cile RIVET se r\u00e9serve le droit de collecter les informations nominatives et les donn\u00e9es personnelles vous concernant. Elles sont n\u00e9cessaires \u00e0 la bonne gestion de votre commande, ainsi qu\u2019\u00e0 l\u2019am\u00e9lioration des services et des informations que nous vous adressons.<\/p>\n\n\n\n<p>Elles peuvent aussi \u00eatre transmises aux soci\u00e9t\u00e9s qui contribuent \u00e0 ces relations, telles que celles charg\u00e9es de l\u2019ex\u00e9cution des services et commandes pour leur gestion, ex\u00e9cution, traitement et paiement.<\/p>\n\n\n\n<p>Ces informations et donn\u00e9es sont \u00e9galement conserv\u00e9es \u00e0 des fins de s\u00e9curit\u00e9s, afin de respecter les obligations l\u00e9gales et r\u00e9glementaires.<\/p>\n\n\n\n<p>Conform\u00e9ment \u00e0 la loi du 6 janvier 1978, vous disposez d\u2019un droit d\u2019acc\u00e8s, de rectification et d\u2019opposition aux informations nominatives et aux donn\u00e9es personnelles vous concernant en vous adressant \u00e0 l\u2019adresse mail&nbsp;: c.rivet@live.fr.<\/p>\n\n\n\n<p><\/p>\n\n\n\n<h2 class=\"wp-block-heading\">Mentions l\u00e9gales<\/h2>\n\n\n\n<p style=\"font-size:16px;text-decoration:underline\"><strong>Propri\u00e9taire :<\/strong><\/p>\n\n\n\n<p>C\u00e9cile RIVET<br>Entreprise individuelle : cecile-ecrit<br>n\u00b0SIRET : 85256060600042<br>n\u00b0RCS : RCS Brest 852560606<br>Contact mail : c.rivet@live.fr<\/p>\n\n\n\n<p style=\"font-size:16px;text-decoration:underline\"><strong>H\u00e9bergement :<\/strong><\/p>\n\n\n\n<p>Ionos, Ionos SARL<br>7 place de la gare, 57200 Sarreguemines<br>Tel : 09.70.80.89.11<\/p>\n","protected":false},"excerpt":{"rendered":"<p>Conditions g\u00e9n\u00e9rales de vente (CGV) Les pr\u00e9sentes conditions de vente sont conclues entre le vendeur (C\u00e9cile RIVET) et l&#8217;acheteur (toute personne physique ou morale souhaitant proc\u00e9der \u00e0 un achat via [&hellip;]<\/p>\n","protected":false},"author":1,"featured_media":0,"parent":0,"menu_order":0,"comment_status":"closed","ping_status":"closed","template":"","meta":{"ocean_post_layout":"full-width","ocean_both_sidebars_style":"","ocean_both_sidebars_content_width":0,"ocean_both_sidebars_sidebars_width":0,"ocean_sidebar":"0","ocean_second_sidebar":"0","ocean_disable_margins":"on","ocean_add_body_class":"","ocean_shortcode_before_top_bar":"","ocean_shortcode_after_top_bar":"","ocean_shortcode_before_header":"","ocean_shortcode_after_header":"","ocean_has_shortcode":"","ocean_shortcode_after_title":"","ocean_shortcode_before_footer_widgets":"","ocean_shortcode_after_footer_widgets":"","ocean_shortcode_before_footer_bottom":"","ocean_shortcode_after_footer_bottom":"","ocean_display_top_bar":"default","ocean_display_header":"default","ocean_header_style":"","ocean_center_header_left_menu":"0","ocean_custom_header_template":"0","ocean_custom_logo":0,"ocean_custom_retina_logo":0,"ocean_custom_logo_max_width":0,"ocean_custom_logo_tablet_max_width":0,"ocean_custom_logo_mobile_max_width":0,"ocean_custom_logo_max_height":0,"ocean_custom_logo_tablet_max_height":0,"ocean_custom_logo_mobile_max_height":0,"ocean_header_custom_menu":"0","ocean_menu_typo_font_family":"0","ocean_menu_typo_font_subset":"","ocean_menu_typo_font_size":0,"ocean_menu_typo_font_size_tablet":0,"ocean_menu_typo_font_size_mobile":0,"ocean_menu_typo_font_size_unit":"px","ocean_menu_typo_font_weight":"","ocean_menu_typo_font_weight_tablet":"","ocean_menu_typo_font_weight_mobile":"","ocean_menu_typo_transform":"","ocean_menu_typo_transform_tablet":"","ocean_menu_typo_transform_mobile":"","ocean_menu_typo_line_height":0,"ocean_menu_typo_line_height_tablet":0,"ocean_menu_typo_line_height_mobile":0,"ocean_menu_typo_line_height_unit":"","ocean_menu_typo_spacing":0,"ocean_menu_typo_spacing_tablet":0,"ocean_menu_typo_spacing_mobile":0,"ocean_menu_typo_spacing_unit":"","ocean_menu_link_color":"","ocean_menu_link_color_hover":"","ocean_menu_link_color_active":"","ocean_menu_link_background":"","ocean_menu_link_hover_background":"","ocean_menu_link_active_background":"","ocean_menu_social_links_bg":"","ocean_menu_social_hover_links_bg":"","ocean_menu_social_links_color":"","ocean_menu_social_hover_links_color":"","ocean_disable_title":"default","ocean_disable_heading":"default","ocean_post_title":"","ocean_post_subheading":"","ocean_post_title_style":"","ocean_post_title_background_color":"","ocean_post_title_background":0,"ocean_post_title_bg_image_position":"","ocean_post_title_bg_image_attachment":"","ocean_post_title_bg_image_repeat":"","ocean_post_title_bg_image_size":"","ocean_post_title_height":0,"ocean_post_title_bg_overlay":0.5,"ocean_post_title_bg_overlay_color":"","ocean_disable_breadcrumbs":"default","ocean_breadcrumbs_color":"","ocean_breadcrumbs_separator_color":"","ocean_breadcrumbs_links_color":"","ocean_breadcrumbs_links_hover_color":"","ocean_display_footer_widgets":"default","ocean_display_footer_bottom":"default","ocean_custom_footer_template":"0","footnotes":""},"class_list":["post-30","page","type-page","status-publish","hentry","entry","owp-thumbs-layout-horizontal","owp-btn-normal","owp-tabs-layout-horizontal","has-no-thumbnails","has-product-nav"],"yoast_head":"<!-- This site is optimized with the Yoast SEO plugin v27.5 - https:\/\/yoast.com\/product\/yoast-seo-wordpress\/ -->\n<title>Conditions g\u00e9n\u00e9rales de vente et mentions l\u00e9gales - C\u00e9cile \u00e9crit<\/title>\n<meta name=\"robots\" content=\"index, follow, max-snippet:-1, max-image-preview:large, max-video-preview:-1\" \/>\n<link rel=\"canonical\" href=\"https:\/\/cecile-ecrit.com\/?page_id=30\" \/>\n<meta property=\"og:locale\" content=\"fr_FR\" \/>\n<meta property=\"og:type\" content=\"article\" \/>\n<meta property=\"og:title\" content=\"Conditions g\u00e9n\u00e9rales de vente et mentions l\u00e9gales - C\u00e9cile \u00e9crit\" \/>\n<meta property=\"og:description\" content=\"Conditions g\u00e9n\u00e9rales de vente (CGV) Les pr\u00e9sentes conditions de vente sont conclues entre le vendeur (C\u00e9cile RIVET) et l&#8217;acheteur (toute personne physique ou morale souhaitant proc\u00e9der \u00e0 un achat via [&hellip;]\" \/>\n<meta property=\"og:url\" content=\"https:\/\/cecile-ecrit.com\/?page_id=30\" \/>\n<meta property=\"og:site_name\" content=\"C\u00e9cile \u00e9crit\" \/>\n<meta property=\"article:modified_time\" content=\"2024-09-28T15:34:45+00:00\" \/>\n<meta property=\"og:image\" content=\"https:\/\/i0.wp.com\/cecile-ecrit.com\/wp-content\/uploads\/2023\/03\/Logo-site-image-rectangulaire.png?fit=1996%2C1116&ssl=1\" \/>\n\t<meta property=\"og:image:width\" content=\"1996\" \/>\n\t<meta property=\"og:image:height\" content=\"1116\" \/>\n\t<meta property=\"og:image:type\" content=\"image\/png\" \/>\n<meta name=\"twitter:card\" content=\"summary_large_image\" \/>\n<meta name=\"twitter:label1\" content=\"Dur\u00e9e de lecture estim\u00e9e\" \/>\n\t<meta name=\"twitter:data1\" content=\"5 minutes\" \/>\n<script type=\"application\/ld+json\" class=\"yoast-schema-graph\">{\"@context\":\"https:\\\/\\\/schema.org\",\"@graph\":[{\"@type\":\"WebPage\",\"@id\":\"https:\\\/\\\/cecile-ecrit.com\\\/?page_id=30\",\"url\":\"https:\\\/\\\/cecile-ecrit.com\\\/?page_id=30\",\"name\":\"Conditions g\u00e9n\u00e9rales de vente et mentions l\u00e9gales - C\u00e9cile \u00e9crit\",\"isPartOf\":{\"@id\":\"https:\\\/\\\/cecile-ecrit.com\\\/#website\"},\"datePublished\":\"2023-03-10T23:54:42+00:00\",\"dateModified\":\"2024-09-28T15:34:45+00:00\",\"breadcrumb\":{\"@id\":\"https:\\\/\\\/cecile-ecrit.com\\\/?page_id=30#breadcrumb\"},\"inLanguage\":\"fr-FR\",\"potentialAction\":[{\"@type\":\"ReadAction\",\"target\":[\"https:\\\/\\\/cecile-ecrit.com\\\/?page_id=30\"]}]},{\"@type\":\"BreadcrumbList\",\"@id\":\"https:\\\/\\\/cecile-ecrit.com\\\/?page_id=30#breadcrumb\",\"itemListElement\":[{\"@type\":\"ListItem\",\"position\":1,\"name\":\"Accueil\",\"item\":\"https:\\\/\\\/cecile-ecrit.com\\\/\"},{\"@type\":\"ListItem\",\"position\":2,\"name\":\"Conditions g\u00e9n\u00e9rales de vente et mentions l\u00e9gales\"}]},{\"@type\":\"WebSite\",\"@id\":\"https:\\\/\\\/cecile-ecrit.com\\\/#website\",\"url\":\"https:\\\/\\\/cecile-ecrit.com\\\/\",\"name\":\"cecile-ecrit.com\",\"description\":\"Acheter les livres de C\u00e9cile Rivet, lui laisser un avis ou la contacter ? C&#039;est par ici !\",\"publisher\":{\"@id\":\"https:\\\/\\\/cecile-ecrit.com\\\/#organization\"},\"potentialAction\":[{\"@type\":\"SearchAction\",\"target\":{\"@type\":\"EntryPoint\",\"urlTemplate\":\"https:\\\/\\\/cecile-ecrit.com\\\/?s={search_term_string}\"},\"query-input\":{\"@type\":\"PropertyValueSpecification\",\"valueRequired\":true,\"valueName\":\"search_term_string\"}}],\"inLanguage\":\"fr-FR\"},{\"@type\":\"Organization\",\"@id\":\"https:\\\/\\\/cecile-ecrit.com\\\/#organization\",\"name\":\"C\u00e9cile Rivet\",\"url\":\"https:\\\/\\\/cecile-ecrit.com\\\/\",\"logo\":{\"@type\":\"ImageObject\",\"inLanguage\":\"fr-FR\",\"@id\":\"https:\\\/\\\/cecile-ecrit.com\\\/#\\\/schema\\\/logo\\\/image\\\/\",\"url\":\"https:\\\/\\\/cecile-ecrit.com\\\/wp-content\\\/uploads\\\/2023\\\/03\\\/cropped-Logo-site-petite-imgae.png\",\"contentUrl\":\"https:\\\/\\\/cecile-ecrit.com\\\/wp-content\\\/uploads\\\/2023\\\/03\\\/cropped-Logo-site-petite-imgae.png\",\"width\":512,\"height\":512,\"caption\":\"C\u00e9cile Rivet\"},\"image\":{\"@id\":\"https:\\\/\\\/cecile-ecrit.com\\\/#\\\/schema\\\/logo\\\/image\\\/\"},\"sameAs\":[\"https:\\\/\\\/www.instagram.com\\\/cecile.ecrit\\\/\"]}]}<\/script>\n<!-- \/ Yoast SEO plugin. -->","yoast_head_json":{"title":"Conditions g\u00e9n\u00e9rales de vente et mentions l\u00e9gales - C\u00e9cile \u00e9crit","robots":{"index":"index","follow":"follow","max-snippet":"max-snippet:-1","max-image-preview":"max-image-preview:large","max-video-preview":"max-video-preview:-1"},"canonical":"https:\/\/cecile-ecrit.com\/?page_id=30","og_locale":"fr_FR","og_type":"article","og_title":"Conditions g\u00e9n\u00e9rales de vente et mentions l\u00e9gales - C\u00e9cile \u00e9crit","og_description":"Conditions g\u00e9n\u00e9rales de vente (CGV) Les pr\u00e9sentes conditions de vente sont conclues entre le vendeur (C\u00e9cile RIVET) et l&#8217;acheteur (toute personne physique ou morale souhaitant proc\u00e9der \u00e0 un achat via [&hellip;]","og_url":"https:\/\/cecile-ecrit.com\/?page_id=30","og_site_name":"C\u00e9cile \u00e9crit","article_modified_time":"2024-09-28T15:34:45+00:00","og_image":[{"width":1996,"height":1116,"url":"https:\/\/i0.wp.com\/cecile-ecrit.com\/wp-content\/uploads\/2023\/03\/Logo-site-image-rectangulaire.png?fit=1996%2C1116&ssl=1","type":"image\/png"}],"twitter_card":"summary_large_image","twitter_misc":{"Dur\u00e9e de lecture estim\u00e9e":"5 minutes"},"schema":{"@context":"https:\/\/schema.org","@graph":[{"@type":"WebPage","@id":"https:\/\/cecile-ecrit.com\/?page_id=30","url":"https:\/\/cecile-ecrit.com\/?page_id=30","name":"Conditions g\u00e9n\u00e9rales de vente et mentions l\u00e9gales - C\u00e9cile \u00e9crit","isPartOf":{"@id":"https:\/\/cecile-ecrit.com\/#website"},"datePublished":"2023-03-10T23:54:42+00:00","dateModified":"2024-09-28T15:34:45+00:00","breadcrumb":{"@id":"https:\/\/cecile-ecrit.com\/?page_id=30#breadcrumb"},"inLanguage":"fr-FR","potentialAction":[{"@type":"ReadAction","target":["https:\/\/cecile-ecrit.com\/?page_id=30"]}]},{"@type":"BreadcrumbList","@id":"https:\/\/cecile-ecrit.com\/?page_id=30#breadcrumb","itemListElement":[{"@type":"ListItem","position":1,"name":"Accueil","item":"https:\/\/cecile-ecrit.com\/"},{"@type":"ListItem","position":2,"name":"Conditions g\u00e9n\u00e9rales de vente et mentions l\u00e9gales"}]},{"@type":"WebSite","@id":"https:\/\/cecile-ecrit.com\/#website","url":"https:\/\/cecile-ecrit.com\/","name":"cecile-ecrit.com","description":"Acheter les livres de C\u00e9cile Rivet, lui laisser un avis ou la contacter ? C&#039;est par ici !","publisher":{"@id":"https:\/\/cecile-ecrit.com\/#organization"},"potentialAction":[{"@type":"SearchAction","target":{"@type":"EntryPoint","urlTemplate":"https:\/\/cecile-ecrit.com\/?s={search_term_string}"},"query-input":{"@type":"PropertyValueSpecification","valueRequired":true,"valueName":"search_term_string"}}],"inLanguage":"fr-FR"},{"@type":"Organization","@id":"https:\/\/cecile-ecrit.com\/#organization","name":"C\u00e9cile Rivet","url":"https:\/\/cecile-ecrit.com\/","logo":{"@type":"ImageObject","inLanguage":"fr-FR","@id":"https:\/\/cecile-ecrit.com\/#\/schema\/logo\/image\/","url":"https:\/\/cecile-ecrit.com\/wp-content\/uploads\/2023\/03\/cropped-Logo-site-petite-imgae.png","contentUrl":"https:\/\/cecile-ecrit.com\/wp-content\/uploads\/2023\/03\/cropped-Logo-site-petite-imgae.png","width":512,"height":512,"caption":"C\u00e9cile Rivet"},"image":{"@id":"https:\/\/cecile-ecrit.com\/#\/schema\/logo\/image\/"},"sameAs":["https:\/\/www.instagram.com\/cecile.ecrit\/"]}]}},"jetpack_sharing_enabled":true,"_links":{"self":[{"href":"https:\/\/cecile-ecrit.com\/index.php?rest_route=\/wp\/v2\/pages\/30","targetHints":{"allow":["GET"]}}],"collection":[{"href":"https:\/\/cecile-ecrit.com\/index.php?rest_route=\/wp\/v2\/pages"}],"about":[{"href":"https:\/\/cecile-ecrit.com\/index.php?rest_route=\/wp\/v2\/types\/page"}],"author":[{"embeddable":true,"href":"https:\/\/cecile-ecrit.com\/index.php?rest_route=\/wp\/v2\/users\/1"}],"replies":[{"embeddable":true,"href":"https:\/\/cecile-ecrit.com\/index.php?rest_route=%2Fwp%2Fv2%2Fcomments&post=30"}],"version-history":[{"count":6,"href":"https:\/\/cecile-ecrit.com\/index.php?rest_route=\/wp\/v2\/pages\/30\/revisions"}],"predecessor-version":[{"id":2359,"href":"https:\/\/cecile-ecrit.com\/index.php?rest_route=\/wp\/v2\/pages\/30\/revisions\/2359"}],"wp:attachment":[{"href":"https:\/\/cecile-ecrit.com\/index.php?rest_route=%2Fwp%2Fv2%2Fmedia&parent=30"}],"curies":[{"name":"wp","href":"https:\/\/api.w.org\/{rel}","templated":true}]}}