{"id":12,"date":"2023-03-07T23:19:35","date_gmt":"2023-03-07T23:19:35","guid":{"rendered":"https:\/\/cecile-ecritcom-nli49yk7h6.live-website.com\/?post_type=product&#038;p=12"},"modified":"2025-08-05T10:05:06","modified_gmt":"2025-08-05T08:05:06","slug":"la-colocation","status":"publish","type":"product","link":"https:\/\/cecile-ecrit.com\/?product=la-colocation","title":{"rendered":"La colocation"},"content":{"rendered":"<ul>\n<li>Format poche<\/li>\n<li>ISBN : 978-2-9587939-0-6<\/li>\n<li>476 pages<\/li>\n<\/ul>\n<p>&nbsp;<\/p>\n<p><strong>R\u00e9sum\u00e9<\/strong> :<\/p>\n<p style=\"padding-left: 40px;\"><em>Moi, c\u2019est Cam\u2019. Depuis le poste de commande, je r\u00e9gis la vie de Camille. Que vous dire d\u2019elle\u00a0? C\u2019est une \u00e9tudiante \u00e9panouie de 22 ans qui croquait la vie \u00e0 pleines dents quand, le 3 mai 2018, notre monde s\u2019est \u00e9croul\u00e9, au moment pr\u00e9cis o\u00f9 le docteur Paladier nous a pr\u00e9sent\u00e9 le crabe qui avait \u00e9lu domicile chez moi, dans la t\u00eate de Camille.<\/em><\/p>\n<p style=\"padding-left: 40px;\"><em>La colocation est le r\u00e9cit intime et quotidien de l\u2019irruption maligne dans la vie d\u2019une jeune femme de ce qui ne devrait pas y avoir sa place\u00a0: la maladie, la mort\u2026 le cancer. Dans ce huis clos introspectif, C\u00e9cile Rivet d\u00e9peint sans tabou les cons\u00e9quences de ce bouleversement et les r\u00e9flexions qui en d\u00e9coulent quant au choix douloureux entre ajouter des ann\u00e9es \u00e0 la vie ou de la vie aux ann\u00e9es.<\/em><\/p>\n<p style=\"padding-left: 40px;\"><em>C\u2019est un combat dont elle ne peut sortir indemne. Et nous non plus.<\/em><\/p>\n","protected":false},"excerpt":{"rendered":"<p>Format poche : 11 x 18 cm<\/p>\n","protected":false},"featured_media":64,"comment_status":"open","ping_status":"closed","template":"","meta":{"ocean_post_layout":"both-sidebars","ocean_both_sidebars_style":"","ocean_both_sidebars_content_width":10,"ocean_both_sidebars_sidebars_width":10,"ocean_sidebar":"0","ocean_second_sidebar":"0","ocean_disable_margins":"on","ocean_add_body_class":"","ocean_shortcode_before_top_bar":"","ocean_shortcode_after_top_bar":"","ocean_shortcode_before_header":"","ocean_shortcode_after_header":"","ocean_has_shortcode":"","ocean_shortcode_after_title":"","ocean_shortcode_before_footer_widgets":"","ocean_shortcode_after_footer_widgets":"","ocean_shortcode_before_footer_bottom":"","ocean_shortcode_after_footer_bottom":"","ocean_display_top_bar":"default","ocean_display_header":"default","ocean_header_style":"minimal","ocean_center_header_left_menu":"0","ocean_custom_header_template":"0","ocean_custom_logo":0,"ocean_custom_retina_logo":0,"ocean_custom_logo_max_width":0,"ocean_custom_logo_tablet_max_width":0,"ocean_custom_logo_mobile_max_width":0,"ocean_custom_logo_max_height":0,"ocean_custom_logo_tablet_max_height":0,"ocean_custom_logo_mobile_max_height":0,"ocean_header_custom_menu":"0","ocean_menu_typo_font_family":"0","ocean_menu_typo_font_subset":"","ocean_menu_typo_font_size":0,"ocean_menu_typo_font_size_tablet":0,"ocean_menu_typo_font_size_mobile":0,"ocean_menu_typo_font_size_unit":"px","ocean_menu_typo_font_weight":"","ocean_menu_typo_font_weight_tablet":"","ocean_menu_typo_font_weight_mobile":"","ocean_menu_typo_transform":"","ocean_menu_typo_transform_tablet":"","ocean_menu_typo_transform_mobile":"","ocean_menu_typo_line_height":0,"ocean_menu_typo_line_height_tablet":0,"ocean_menu_typo_line_height_mobile":0,"ocean_menu_typo_line_height_unit":"","ocean_menu_typo_spacing":0,"ocean_menu_typo_spacing_tablet":0,"ocean_menu_typo_spacing_mobile":0,"ocean_menu_typo_spacing_unit":"","ocean_menu_link_color":"","ocean_menu_link_color_hover":"","ocean_menu_link_color_active":"","ocean_menu_link_background":"","ocean_menu_link_hover_background":"","ocean_menu_link_active_background":"","ocean_menu_social_links_bg":"","ocean_menu_social_hover_links_bg":"","ocean_menu_social_links_color":"","ocean_menu_social_hover_links_color":"","ocean_disable_title":"default","ocean_disable_heading":"default","ocean_post_title":"","ocean_post_subheading":"","ocean_post_title_style":"","ocean_post_title_background_color":"","ocean_post_title_background":0,"ocean_post_title_bg_image_position":"","ocean_post_title_bg_image_attachment":"","ocean_post_title_bg_image_repeat":"","ocean_post_title_bg_image_size":"","ocean_post_title_height":0,"ocean_post_title_bg_overlay":0.5,"ocean_post_title_bg_overlay_color":"","ocean_disable_breadcrumbs":"default","ocean_breadcrumbs_color":"","ocean_breadcrumbs_separator_color":"","ocean_breadcrumbs_links_color":"","ocean_breadcrumbs_links_hover_color":"","ocean_display_footer_widgets":"default","ocean_display_footer_bottom":"default","ocean_custom_footer_template":"0"},"product_brand":[],"product_cat":[17],"product_tag":[],"class_list":{"0":"post-12","1":"product","2":"type-product","3":"status-publish","4":"has-post-thumbnail","6":"product_cat-livre-poche","8":"entry","9":"has-media","11":"first","12":"instock","13":"shipping-taxable","14":"purchasable","15":"product-type-simple","16":"has-rating","17":"has-product-nav","18":"col","19":"span_1_of_2","20":"owp-content-center","21":"owp-thumbs-layout-horizontal","22":"owp-btn-normal","23":"owp-tabs-layout-horizontal"},"yoast_head":"<!-- This site is optimized with the Yoast SEO plugin v27.3 - https:\/\/yoast.com\/product\/yoast-seo-wordpress\/ -->\n<title>La colocation - C\u00e9cile \u00e9crit Roman auto-\u00e9dit\u00e9<\/title>\n<meta name=\"description\" content=\"Moi, c\u2019est Cam\u2019. Depuis le poste de commande, je r\u00e9gis la vie de Camille. Que vous dire d\u2019elle ? C\u2019est une \u00e9tudiante \u00e9panouie de 22 ans qui croquait la vie \u00e0 pleines dents quand, le 3 mai 2018, notre monde s\u2019est \u00e9croul\u00e9, au moment pr\u00e9cis o\u00f9 le docteur Paladier nous a pr\u00e9sent\u00e9 le crabe qui avait \u00e9lu domicile chez moi, dans la t\u00eate de Camille. La colocation est le r\u00e9cit intime et quotidien de l\u2019irruption maligne dans la vie d\u2019une jeune femme de ce qui ne devrait pas y avoir sa place : la maladie, la mort\u2026 le cancer. Dans ce huis clos introspectif, C\u00e9cile Rivet d\u00e9peint sans tabou les cons\u00e9quences de ce bouleversement et les r\u00e9flexions qui en d\u00e9coulent quant au choix douloureux entre ajouter des ann\u00e9es \u00e0 la vie ou de la vie aux ann\u00e9es. C\u2019est un combat dont elle ne peut sortir indemne. Et nous non plus.\" \/>\n<meta name=\"robots\" content=\"index, follow, max-snippet:-1, max-image-preview:large, max-video-preview:-1\" \/>\n<link rel=\"canonical\" href=\"https:\/\/cecile-ecrit.com\/?product=la-colocation\" \/>\n<meta property=\"og:locale\" content=\"fr_FR\" \/>\n<meta property=\"og:type\" content=\"article\" \/>\n<meta property=\"og:title\" content=\"La colocation - C\u00e9cile \u00e9crit Roman auto-\u00e9dit\u00e9\" \/>\n<meta property=\"og:description\" content=\"Moi, c\u2019est Cam\u2019. Depuis le poste de commande, je r\u00e9gis la vie de Camille. Que vous dire d\u2019elle ? C\u2019est une \u00e9tudiante \u00e9panouie de 22 ans qui croquait la vie \u00e0 pleines dents quand, le 3 mai 2018, notre monde s\u2019est \u00e9croul\u00e9, au moment pr\u00e9cis o\u00f9 le docteur Paladier nous a pr\u00e9sent\u00e9 le crabe qui avait \u00e9lu domicile chez moi, dans la t\u00eate de Camille. La colocation est le r\u00e9cit intime et quotidien de l\u2019irruption maligne dans la vie d\u2019une jeune femme de ce qui ne devrait pas y avoir sa place : la maladie, la mort\u2026 le cancer. Dans ce huis clos introspectif, C\u00e9cile Rivet d\u00e9peint sans tabou les cons\u00e9quences de ce bouleversement et les r\u00e9flexions qui en d\u00e9coulent quant au choix douloureux entre ajouter des ann\u00e9es \u00e0 la vie ou de la vie aux ann\u00e9es. C\u2019est un combat dont elle ne peut sortir indemne. Et nous non plus.\" \/>\n<meta property=\"og:url\" content=\"https:\/\/cecile-ecrit.com\/?product=la-colocation\" \/>\n<meta property=\"og:site_name\" content=\"C\u00e9cile \u00e9crit\" \/>\n<meta property=\"article:modified_time\" content=\"2025-08-05T08:05:06+00:00\" \/>\n<meta property=\"og:image\" content=\"https:\/\/cecile-ecrit.com\/wp-content\/uploads\/2023\/03\/Couverture-poche-VDEF-626x1024.png\" \/>\n\t<meta property=\"og:image:width\" content=\"626\" \/>\n\t<meta property=\"og:image:height\" content=\"1024\" \/>\n\t<meta property=\"og:image:type\" content=\"image\/png\" \/>\n<meta name=\"twitter:card\" content=\"summary_large_image\" \/>\n<meta name=\"twitter:label1\" content=\"Dur\u00e9e de lecture estim\u00e9e\" \/>\n\t<meta name=\"twitter:data1\" content=\"1 minute\" \/>\n<script type=\"application\/ld+json\" class=\"yoast-schema-graph\">{\"@context\":\"https:\\\/\\\/schema.org\",\"@graph\":[{\"@type\":\"WebPage\",\"@id\":\"https:\\\/\\\/cecile-ecrit.com\\\/?product=la-colocation\",\"url\":\"https:\\\/\\\/cecile-ecrit.com\\\/?product=la-colocation\",\"name\":\"La colocation - C\u00e9cile \u00e9crit Roman auto-\u00e9dit\u00e9\",\"isPartOf\":{\"@id\":\"https:\\\/\\\/cecile-ecrit.com\\\/#website\"},\"primaryImageOfPage\":{\"@id\":\"https:\\\/\\\/cecile-ecrit.com\\\/?product=la-colocation#primaryimage\"},\"image\":{\"@id\":\"https:\\\/\\\/cecile-ecrit.com\\\/?product=la-colocation#primaryimage\"},\"thumbnailUrl\":\"https:\\\/\\\/i0.wp.com\\\/cecile-ecrit.com\\\/wp-content\\\/uploads\\\/2023\\\/03\\\/Couverture-poche-VDEF.png?fit=1299%2C2126&ssl=1\",\"datePublished\":\"2023-03-07T23:19:35+00:00\",\"dateModified\":\"2025-08-05T08:05:06+00:00\",\"description\":\"Moi, c\u2019est Cam\u2019. Depuis le poste de commande, je r\u00e9gis la vie de Camille. Que vous dire d\u2019elle ? C\u2019est une \u00e9tudiante \u00e9panouie de 22 ans qui croquait la vie \u00e0 pleines dents quand, le 3 mai 2018, notre monde s\u2019est \u00e9croul\u00e9, au moment pr\u00e9cis o\u00f9 le docteur Paladier nous a pr\u00e9sent\u00e9 le crabe qui avait \u00e9lu domicile chez moi, dans la t\u00eate de Camille. La colocation est le r\u00e9cit intime et quotidien de l\u2019irruption maligne dans la vie d\u2019une jeune femme de ce qui ne devrait pas y avoir sa place : la maladie, la mort\u2026 le cancer. Dans ce huis clos introspectif, C\u00e9cile Rivet d\u00e9peint sans tabou les cons\u00e9quences de ce bouleversement et les r\u00e9flexions qui en d\u00e9coulent quant au choix douloureux entre ajouter des ann\u00e9es \u00e0 la vie ou de la vie aux ann\u00e9es. C\u2019est un combat dont elle ne peut sortir indemne. Et nous non plus.\",\"breadcrumb\":{\"@id\":\"https:\\\/\\\/cecile-ecrit.com\\\/?product=la-colocation#breadcrumb\"},\"inLanguage\":\"fr-FR\",\"potentialAction\":[{\"@type\":\"ReadAction\",\"target\":[\"https:\\\/\\\/cecile-ecrit.com\\\/?product=la-colocation\"]}]},{\"@type\":\"ImageObject\",\"inLanguage\":\"fr-FR\",\"@id\":\"https:\\\/\\\/cecile-ecrit.com\\\/?product=la-colocation#primaryimage\",\"url\":\"https:\\\/\\\/i0.wp.com\\\/cecile-ecrit.com\\\/wp-content\\\/uploads\\\/2023\\\/03\\\/Couverture-poche-VDEF.png?fit=1299%2C2126&ssl=1\",\"contentUrl\":\"https:\\\/\\\/i0.wp.com\\\/cecile-ecrit.com\\\/wp-content\\\/uploads\\\/2023\\\/03\\\/Couverture-poche-VDEF.png?fit=1299%2C2126&ssl=1\",\"width\":1299,\"height\":2126},{\"@type\":\"BreadcrumbList\",\"@id\":\"https:\\\/\\\/cecile-ecrit.com\\\/?product=la-colocation#breadcrumb\",\"itemListElement\":[{\"@type\":\"ListItem\",\"position\":1,\"name\":\"Accueil\",\"item\":\"https:\\\/\\\/cecile-ecrit.com\\\/\"},{\"@type\":\"ListItem\",\"position\":2,\"name\":\"Produits\",\"item\":\"https:\\\/\\\/cecile-ecrit.com\\\/shop\\\/\"},{\"@type\":\"ListItem\",\"position\":3,\"name\":\"La colocation\"}]},{\"@type\":\"WebSite\",\"@id\":\"https:\\\/\\\/cecile-ecrit.com\\\/#website\",\"url\":\"https:\\\/\\\/cecile-ecrit.com\\\/\",\"name\":\"cecile-ecrit.com\",\"description\":\"Acheter les livres de C\u00e9cile Rivet, lui laisser un avis ou la contacter ? C&#039;est par ici !\",\"publisher\":{\"@id\":\"https:\\\/\\\/cecile-ecrit.com\\\/#organization\"},\"potentialAction\":[{\"@type\":\"SearchAction\",\"target\":{\"@type\":\"EntryPoint\",\"urlTemplate\":\"https:\\\/\\\/cecile-ecrit.com\\\/?s={search_term_string}\"},\"query-input\":{\"@type\":\"PropertyValueSpecification\",\"valueRequired\":true,\"valueName\":\"search_term_string\"}}],\"inLanguage\":\"fr-FR\"},{\"@type\":\"Organization\",\"@id\":\"https:\\\/\\\/cecile-ecrit.com\\\/#organization\",\"name\":\"C\u00e9cile Rivet\",\"url\":\"https:\\\/\\\/cecile-ecrit.com\\\/\",\"logo\":{\"@type\":\"ImageObject\",\"inLanguage\":\"fr-FR\",\"@id\":\"https:\\\/\\\/cecile-ecrit.com\\\/#\\\/schema\\\/logo\\\/image\\\/\",\"url\":\"https:\\\/\\\/cecile-ecrit.com\\\/wp-content\\\/uploads\\\/2023\\\/03\\\/cropped-Logo-site-petite-imgae.png\",\"contentUrl\":\"https:\\\/\\\/cecile-ecrit.com\\\/wp-content\\\/uploads\\\/2023\\\/03\\\/cropped-Logo-site-petite-imgae.png\",\"width\":512,\"height\":512,\"caption\":\"C\u00e9cile Rivet\"},\"image\":{\"@id\":\"https:\\\/\\\/cecile-ecrit.com\\\/#\\\/schema\\\/logo\\\/image\\\/\"},\"sameAs\":[\"https:\\\/\\\/www.instagram.com\\\/cecile.ecrit\\\/\"]}]}<\/script>\n<!-- \/ Yoast SEO plugin. -->","yoast_head_json":{"title":"La colocation - C\u00e9cile \u00e9crit Roman auto-\u00e9dit\u00e9","description":"Moi, c\u2019est Cam\u2019. Depuis le poste de commande, je r\u00e9gis la vie de Camille. Que vous dire d\u2019elle ? C\u2019est une \u00e9tudiante \u00e9panouie de 22 ans qui croquait la vie \u00e0 pleines dents quand, le 3 mai 2018, notre monde s\u2019est \u00e9croul\u00e9, au moment pr\u00e9cis o\u00f9 le docteur Paladier nous a pr\u00e9sent\u00e9 le crabe qui avait \u00e9lu domicile chez moi, dans la t\u00eate de Camille. La colocation est le r\u00e9cit intime et quotidien de l\u2019irruption maligne dans la vie d\u2019une jeune femme de ce qui ne devrait pas y avoir sa place : la maladie, la mort\u2026 le cancer. Dans ce huis clos introspectif, C\u00e9cile Rivet d\u00e9peint sans tabou les cons\u00e9quences de ce bouleversement et les r\u00e9flexions qui en d\u00e9coulent quant au choix douloureux entre ajouter des ann\u00e9es \u00e0 la vie ou de la vie aux ann\u00e9es. C\u2019est un combat dont elle ne peut sortir indemne. Et nous non plus.","robots":{"index":"index","follow":"follow","max-snippet":"max-snippet:-1","max-image-preview":"max-image-preview:large","max-video-preview":"max-video-preview:-1"},"canonical":"https:\/\/cecile-ecrit.com\/?product=la-colocation","og_locale":"fr_FR","og_type":"article","og_title":"La colocation - C\u00e9cile \u00e9crit Roman auto-\u00e9dit\u00e9","og_description":"Moi, c\u2019est Cam\u2019. Depuis le poste de commande, je r\u00e9gis la vie de Camille. Que vous dire d\u2019elle ? C\u2019est une \u00e9tudiante \u00e9panouie de 22 ans qui croquait la vie \u00e0 pleines dents quand, le 3 mai 2018, notre monde s\u2019est \u00e9croul\u00e9, au moment pr\u00e9cis o\u00f9 le docteur Paladier nous a pr\u00e9sent\u00e9 le crabe qui avait \u00e9lu domicile chez moi, dans la t\u00eate de Camille. La colocation est le r\u00e9cit intime et quotidien de l\u2019irruption maligne dans la vie d\u2019une jeune femme de ce qui ne devrait pas y avoir sa place : la maladie, la mort\u2026 le cancer. Dans ce huis clos introspectif, C\u00e9cile Rivet d\u00e9peint sans tabou les cons\u00e9quences de ce bouleversement et les r\u00e9flexions qui en d\u00e9coulent quant au choix douloureux entre ajouter des ann\u00e9es \u00e0 la vie ou de la vie aux ann\u00e9es. C\u2019est un combat dont elle ne peut sortir indemne. Et nous non plus.","og_url":"https:\/\/cecile-ecrit.com\/?product=la-colocation","og_site_name":"C\u00e9cile \u00e9crit","article_modified_time":"2025-08-05T08:05:06+00:00","og_image":[{"width":626,"height":1024,"url":"https:\/\/cecile-ecrit.com\/wp-content\/uploads\/2023\/03\/Couverture-poche-VDEF-626x1024.png","type":"image\/png"}],"twitter_card":"summary_large_image","twitter_misc":{"Dur\u00e9e de lecture estim\u00e9e":"1 minute"},"schema":{"@context":"https:\/\/schema.org","@graph":[{"@type":"WebPage","@id":"https:\/\/cecile-ecrit.com\/?product=la-colocation","url":"https:\/\/cecile-ecrit.com\/?product=la-colocation","name":"La colocation - C\u00e9cile \u00e9crit Roman auto-\u00e9dit\u00e9","isPartOf":{"@id":"https:\/\/cecile-ecrit.com\/#website"},"primaryImageOfPage":{"@id":"https:\/\/cecile-ecrit.com\/?product=la-colocation#primaryimage"},"image":{"@id":"https:\/\/cecile-ecrit.com\/?product=la-colocation#primaryimage"},"thumbnailUrl":"https:\/\/i0.wp.com\/cecile-ecrit.com\/wp-content\/uploads\/2023\/03\/Couverture-poche-VDEF.png?fit=1299%2C2126&ssl=1","datePublished":"2023-03-07T23:19:35+00:00","dateModified":"2025-08-05T08:05:06+00:00","description":"Moi, c\u2019est Cam\u2019. Depuis le poste de commande, je r\u00e9gis la vie de Camille. Que vous dire d\u2019elle ? C\u2019est une \u00e9tudiante \u00e9panouie de 22 ans qui croquait la vie \u00e0 pleines dents quand, le 3 mai 2018, notre monde s\u2019est \u00e9croul\u00e9, au moment pr\u00e9cis o\u00f9 le docteur Paladier nous a pr\u00e9sent\u00e9 le crabe qui avait \u00e9lu domicile chez moi, dans la t\u00eate de Camille. La colocation est le r\u00e9cit intime et quotidien de l\u2019irruption maligne dans la vie d\u2019une jeune femme de ce qui ne devrait pas y avoir sa place : la maladie, la mort\u2026 le cancer. Dans ce huis clos introspectif, C\u00e9cile Rivet d\u00e9peint sans tabou les cons\u00e9quences de ce bouleversement et les r\u00e9flexions qui en d\u00e9coulent quant au choix douloureux entre ajouter des ann\u00e9es \u00e0 la vie ou de la vie aux ann\u00e9es. C\u2019est un combat dont elle ne peut sortir indemne. Et nous non plus.","breadcrumb":{"@id":"https:\/\/cecile-ecrit.com\/?product=la-colocation#breadcrumb"},"inLanguage":"fr-FR","potentialAction":[{"@type":"ReadAction","target":["https:\/\/cecile-ecrit.com\/?product=la-colocation"]}]},{"@type":"ImageObject","inLanguage":"fr-FR","@id":"https:\/\/cecile-ecrit.com\/?product=la-colocation#primaryimage","url":"https:\/\/i0.wp.com\/cecile-ecrit.com\/wp-content\/uploads\/2023\/03\/Couverture-poche-VDEF.png?fit=1299%2C2126&ssl=1","contentUrl":"https:\/\/i0.wp.com\/cecile-ecrit.com\/wp-content\/uploads\/2023\/03\/Couverture-poche-VDEF.png?fit=1299%2C2126&ssl=1","width":1299,"height":2126},{"@type":"BreadcrumbList","@id":"https:\/\/cecile-ecrit.com\/?product=la-colocation#breadcrumb","itemListElement":[{"@type":"ListItem","position":1,"name":"Accueil","item":"https:\/\/cecile-ecrit.com\/"},{"@type":"ListItem","position":2,"name":"Produits","item":"https:\/\/cecile-ecrit.com\/shop\/"},{"@type":"ListItem","position":3,"name":"La colocation"}]},{"@type":"WebSite","@id":"https:\/\/cecile-ecrit.com\/#website","url":"https:\/\/cecile-ecrit.com\/","name":"cecile-ecrit.com","description":"Acheter les livres de C\u00e9cile Rivet, lui laisser un avis ou la contacter ? C&#039;est par ici !","publisher":{"@id":"https:\/\/cecile-ecrit.com\/#organization"},"potentialAction":[{"@type":"SearchAction","target":{"@type":"EntryPoint","urlTemplate":"https:\/\/cecile-ecrit.com\/?s={search_term_string}"},"query-input":{"@type":"PropertyValueSpecification","valueRequired":true,"valueName":"search_term_string"}}],"inLanguage":"fr-FR"},{"@type":"Organization","@id":"https:\/\/cecile-ecrit.com\/#organization","name":"C\u00e9cile Rivet","url":"https:\/\/cecile-ecrit.com\/","logo":{"@type":"ImageObject","inLanguage":"fr-FR","@id":"https:\/\/cecile-ecrit.com\/#\/schema\/logo\/image\/","url":"https:\/\/cecile-ecrit.com\/wp-content\/uploads\/2023\/03\/cropped-Logo-site-petite-imgae.png","contentUrl":"https:\/\/cecile-ecrit.com\/wp-content\/uploads\/2023\/03\/cropped-Logo-site-petite-imgae.png","width":512,"height":512,"caption":"C\u00e9cile Rivet"},"image":{"@id":"https:\/\/cecile-ecrit.com\/#\/schema\/logo\/image\/"},"sameAs":["https:\/\/www.instagram.com\/cecile.ecrit\/"]}]}},"jetpack_sharing_enabled":true,"_links":{"self":[{"href":"https:\/\/cecile-ecrit.com\/index.php?rest_route=\/wp\/v2\/product\/12","targetHints":{"allow":["GET"]}}],"collection":[{"href":"https:\/\/cecile-ecrit.com\/index.php?rest_route=\/wp\/v2\/product"}],"about":[{"href":"https:\/\/cecile-ecrit.com\/index.php?rest_route=\/wp\/v2\/types\/product"}],"replies":[{"embeddable":true,"href":"https:\/\/cecile-ecrit.com\/index.php?rest_route=%2Fwp%2Fv2%2Fcomments&post=12"}],"wp:featuredmedia":[{"embeddable":true,"href":"https:\/\/cecile-ecrit.com\/index.php?rest_route=\/wp\/v2\/media\/64"}],"wp:attachment":[{"href":"https:\/\/cecile-ecrit.com\/index.php?rest_route=%2Fwp%2Fv2%2Fmedia&parent=12"}],"wp:term":[{"taxonomy":"product_brand","embeddable":true,"href":"https:\/\/cecile-ecrit.com\/index.php?rest_route=%2Fwp%2Fv2%2Fproduct_brand&post=12"},{"taxonomy":"product_cat","embeddable":true,"href":"https:\/\/cecile-ecrit.com\/index.php?rest_route=%2Fwp%2Fv2%2Fproduct_cat&post=12"},{"taxonomy":"product_tag","embeddable":true,"href":"https:\/\/cecile-ecrit.com\/index.php?rest_route=%2Fwp%2Fv2%2Fproduct_tag&post=12"}],"curies":[{"name":"wp","href":"https:\/\/api.w.org\/{rel}","templated":true}]}}