{"id":2082,"date":"2023-12-10T11:58:21","date_gmt":"2023-12-10T09:58:21","guid":{"rendered":"https:\/\/cecile-ecritcom-nli49yk7h6.live-website.com\/?post_type=product&#038;p=2082"},"modified":"2024-09-27T22:53:35","modified_gmt":"2024-09-27T20:53:35","slug":"pochette-de-livre-en-tissu-format-broche-copie","status":"publish","type":"product","link":"https:\/\/cecile-ecrit.com\/?product=pochette-de-livre-en-tissu-format-broche-copie","title":{"rendered":"Pochette de livre en tissu &#8211; format broch\u00e9"},"content":{"rendered":"<p>Dimensions : 18,6 x 23,8 cm<\/p>\n<p><em>Pour indication : elles ont \u00e9t\u00e9 faites pour les packs de No\u00ebl avec mon roman La colocation. <\/em><br \/>\n<em>Ce livre passe donc dedans et a les dimensions suivantes : 14,8 x 21 x 3,15 cm (livre \u00e9pais : 412 pages).<\/em><\/p>\n","protected":false},"excerpt":{"rendered":"<p>Pochette en tissu faite par mes soins :<\/p>\n<ul>\n<li>Tissu en coton oeko-tex avec motifs g\u00e9om\u00e9triques dans les tons bleu pour l\u2019ext\u00e9rieur<\/li>\n<li>Doublure int\u00e9rieure couleur jaune moutarde<\/li>\n<li>Matelassage en ouate<\/li>\n<li>Fermeture \u00e9lastique avec un bouton bois \u201c<em>handmade with love<\/em>\u201d<\/li>\n<\/ul>\n","protected":false},"featured_media":2079,"comment_status":"open","ping_status":"closed","template":"","meta":{"ocean_post_layout":"","ocean_both_sidebars_style":"","ocean_both_sidebars_content_width":0,"ocean_both_sidebars_sidebars_width":0,"ocean_sidebar":"0","ocean_second_sidebar":"0","ocean_disable_margins":"enable","ocean_add_body_class":"","ocean_shortcode_before_top_bar":"","ocean_shortcode_after_top_bar":"","ocean_shortcode_before_header":"","ocean_shortcode_after_header":"","ocean_has_shortcode":"","ocean_shortcode_after_title":"","ocean_shortcode_before_footer_widgets":"","ocean_shortcode_after_footer_widgets":"","ocean_shortcode_before_footer_bottom":"","ocean_shortcode_after_footer_bottom":"","ocean_display_top_bar":"default","ocean_display_header":"default","ocean_header_style":"","ocean_center_header_left_menu":"0","ocean_custom_header_template":"0","ocean_custom_logo":0,"ocean_custom_retina_logo":0,"ocean_custom_logo_max_width":0,"ocean_custom_logo_tablet_max_width":0,"ocean_custom_logo_mobile_max_width":0,"ocean_custom_logo_max_height":0,"ocean_custom_logo_tablet_max_height":0,"ocean_custom_logo_mobile_max_height":0,"ocean_header_custom_menu":"0","ocean_menu_typo_font_family":"0","ocean_menu_typo_font_subset":"","ocean_menu_typo_font_size":0,"ocean_menu_typo_font_size_tablet":0,"ocean_menu_typo_font_size_mobile":0,"ocean_menu_typo_font_size_unit":"px","ocean_menu_typo_font_weight":"","ocean_menu_typo_font_weight_tablet":"","ocean_menu_typo_font_weight_mobile":"","ocean_menu_typo_transform":"","ocean_menu_typo_transform_tablet":"","ocean_menu_typo_transform_mobile":"","ocean_menu_typo_line_height":0,"ocean_menu_typo_line_height_tablet":0,"ocean_menu_typo_line_height_mobile":0,"ocean_menu_typo_line_height_unit":"","ocean_menu_typo_spacing":0,"ocean_menu_typo_spacing_tablet":0,"ocean_menu_typo_spacing_mobile":0,"ocean_menu_typo_spacing_unit":"","ocean_menu_link_color":"","ocean_menu_link_color_hover":"","ocean_menu_link_color_active":"","ocean_menu_link_background":"","ocean_menu_link_hover_background":"","ocean_menu_link_active_background":"","ocean_menu_social_links_bg":"","ocean_menu_social_hover_links_bg":"","ocean_menu_social_links_color":"","ocean_menu_social_hover_links_color":"","ocean_disable_title":"default","ocean_disable_heading":"default","ocean_post_title":"","ocean_post_subheading":"","ocean_post_title_style":"","ocean_post_title_background_color":"","ocean_post_title_background":0,"ocean_post_title_bg_image_position":"","ocean_post_title_bg_image_attachment":"","ocean_post_title_bg_image_repeat":"","ocean_post_title_bg_image_size":"","ocean_post_title_height":0,"ocean_post_title_bg_overlay":0.5,"ocean_post_title_bg_overlay_color":"","ocean_disable_breadcrumbs":"default","ocean_breadcrumbs_color":"","ocean_breadcrumbs_separator_color":"","ocean_breadcrumbs_links_color":"","ocean_breadcrumbs_links_hover_color":"","ocean_display_footer_widgets":"default","ocean_display_footer_bottom":"default","ocean_custom_footer_template":"0"},"product_brand":[],"product_cat":[32],"product_tag":[],"class_list":{"0":"post-2082","1":"product","2":"type-product","3":"status-publish","4":"has-post-thumbnail","6":"product_cat-pochette-de-livre","8":"entry","9":"has-media","11":"first","12":"instock","13":"shipping-taxable","14":"purchasable","15":"product-type-simple","16":"has-product-nav","17":"col","18":"span_1_of_2","19":"owp-content-center","20":"owp-thumbs-layout-horizontal","21":"owp-btn-normal","22":"owp-tabs-layout-horizontal"},"yoast_head":"<!-- This site is optimized with the Yoast SEO plugin v27.3 - https:\/\/yoast.com\/product\/yoast-seo-wordpress\/ -->\n<title>Pochette de livre en tissu - format broch\u00e9 - C\u00e9cile \u00e9crit<\/title>\n<meta name=\"robots\" content=\"index, follow, max-snippet:-1, max-image-preview:large, max-video-preview:-1\" \/>\n<link rel=\"canonical\" href=\"https:\/\/cecile-ecrit.com\/?product=pochette-de-livre-en-tissu-format-broche-copie\" \/>\n<meta property=\"og:locale\" content=\"fr_FR\" \/>\n<meta property=\"og:type\" content=\"article\" \/>\n<meta property=\"og:title\" content=\"Pochette de livre en tissu - format broch\u00e9 - C\u00e9cile \u00e9crit\" \/>\n<meta property=\"og:description\" content=\"Pochette en tissu faite par mes soins :   Tissu en coton oeko-tex avec motifs g\u00e9om\u00e9triques dans les tons bleu pour l\u2019ext\u00e9rieur  Doublure int\u00e9rieure couleur jaune moutarde  Matelassage en ouate  Fermeture \u00e9lastique avec un bouton bois \u201chandmade with love\u201d\" \/>\n<meta property=\"og:url\" content=\"https:\/\/cecile-ecrit.com\/?product=pochette-de-livre-en-tissu-format-broche-copie\" \/>\n<meta property=\"og:site_name\" content=\"C\u00e9cile \u00e9crit\" \/>\n<meta property=\"article:modified_time\" content=\"2024-09-27T20:53:35+00:00\" \/>\n<meta property=\"og:image\" content=\"https:\/\/cecile-ecrit.com\/wp-content\/uploads\/2023\/12\/20231203_134938-2.jpg\" \/>\n\t<meta property=\"og:image:width\" content=\"1875\" \/>\n\t<meta property=\"og:image:height\" content=\"1797\" \/>\n\t<meta property=\"og:image:type\" content=\"image\/jpeg\" \/>\n<meta name=\"twitter:card\" content=\"summary_large_image\" \/>\n<meta name=\"twitter:label1\" content=\"Dur\u00e9e de lecture estim\u00e9e\" \/>\n\t<meta name=\"twitter:data1\" content=\"1 minute\" \/>\n<script type=\"application\/ld+json\" class=\"yoast-schema-graph\">{\"@context\":\"https:\\\/\\\/schema.org\",\"@graph\":[{\"@type\":\"WebPage\",\"@id\":\"https:\\\/\\\/cecile-ecrit.com\\\/?product=pochette-de-livre-en-tissu-format-broche-copie\",\"url\":\"https:\\\/\\\/cecile-ecrit.com\\\/?product=pochette-de-livre-en-tissu-format-broche-copie\",\"name\":\"Pochette de livre en tissu - format broch\u00e9 - C\u00e9cile \u00e9crit\",\"isPartOf\":{\"@id\":\"https:\\\/\\\/cecile-ecrit.com\\\/#website\"},\"primaryImageOfPage\":{\"@id\":\"https:\\\/\\\/cecile-ecrit.com\\\/?product=pochette-de-livre-en-tissu-format-broche-copie#primaryimage\"},\"image\":{\"@id\":\"https:\\\/\\\/cecile-ecrit.com\\\/?product=pochette-de-livre-en-tissu-format-broche-copie#primaryimage\"},\"thumbnailUrl\":\"https:\\\/\\\/i0.wp.com\\\/cecile-ecrit.com\\\/wp-content\\\/uploads\\\/2023\\\/12\\\/20231203_134938-2.jpg?fit=1875%2C1797&ssl=1\",\"datePublished\":\"2023-12-10T09:58:21+00:00\",\"dateModified\":\"2024-09-27T20:53:35+00:00\",\"breadcrumb\":{\"@id\":\"https:\\\/\\\/cecile-ecrit.com\\\/?product=pochette-de-livre-en-tissu-format-broche-copie#breadcrumb\"},\"inLanguage\":\"fr-FR\",\"potentialAction\":[{\"@type\":\"ReadAction\",\"target\":[\"https:\\\/\\\/cecile-ecrit.com\\\/?product=pochette-de-livre-en-tissu-format-broche-copie\"]}]},{\"@type\":\"ImageObject\",\"inLanguage\":\"fr-FR\",\"@id\":\"https:\\\/\\\/cecile-ecrit.com\\\/?product=pochette-de-livre-en-tissu-format-broche-copie#primaryimage\",\"url\":\"https:\\\/\\\/i0.wp.com\\\/cecile-ecrit.com\\\/wp-content\\\/uploads\\\/2023\\\/12\\\/20231203_134938-2.jpg?fit=1875%2C1797&ssl=1\",\"contentUrl\":\"https:\\\/\\\/i0.wp.com\\\/cecile-ecrit.com\\\/wp-content\\\/uploads\\\/2023\\\/12\\\/20231203_134938-2.jpg?fit=1875%2C1797&ssl=1\",\"width\":1875,\"height\":1797},{\"@type\":\"BreadcrumbList\",\"@id\":\"https:\\\/\\\/cecile-ecrit.com\\\/?product=pochette-de-livre-en-tissu-format-broche-copie#breadcrumb\",\"itemListElement\":[{\"@type\":\"ListItem\",\"position\":1,\"name\":\"Accueil\",\"item\":\"https:\\\/\\\/cecile-ecrit.com\\\/\"},{\"@type\":\"ListItem\",\"position\":2,\"name\":\"Produits\",\"item\":\"https:\\\/\\\/cecile-ecrit.com\\\/shop\\\/\"},{\"@type\":\"ListItem\",\"position\":3,\"name\":\"Pochette de livre en tissu &#8211; format broch\u00e9\"}]},{\"@type\":\"WebSite\",\"@id\":\"https:\\\/\\\/cecile-ecrit.com\\\/#website\",\"url\":\"https:\\\/\\\/cecile-ecrit.com\\\/\",\"name\":\"cecile-ecrit.com\",\"description\":\"Acheter les livres de C\u00e9cile Rivet, lui laisser un avis ou la contacter ? C&#039;est par ici !\",\"publisher\":{\"@id\":\"https:\\\/\\\/cecile-ecrit.com\\\/#organization\"},\"potentialAction\":[{\"@type\":\"SearchAction\",\"target\":{\"@type\":\"EntryPoint\",\"urlTemplate\":\"https:\\\/\\\/cecile-ecrit.com\\\/?s={search_term_string}\"},\"query-input\":{\"@type\":\"PropertyValueSpecification\",\"valueRequired\":true,\"valueName\":\"search_term_string\"}}],\"inLanguage\":\"fr-FR\"},{\"@type\":\"Organization\",\"@id\":\"https:\\\/\\\/cecile-ecrit.com\\\/#organization\",\"name\":\"C\u00e9cile Rivet\",\"url\":\"https:\\\/\\\/cecile-ecrit.com\\\/\",\"logo\":{\"@type\":\"ImageObject\",\"inLanguage\":\"fr-FR\",\"@id\":\"https:\\\/\\\/cecile-ecrit.com\\\/#\\\/schema\\\/logo\\\/image\\\/\",\"url\":\"https:\\\/\\\/cecile-ecrit.com\\\/wp-content\\\/uploads\\\/2023\\\/03\\\/cropped-Logo-site-petite-imgae.png\",\"contentUrl\":\"https:\\\/\\\/cecile-ecrit.com\\\/wp-content\\\/uploads\\\/2023\\\/03\\\/cropped-Logo-site-petite-imgae.png\",\"width\":512,\"height\":512,\"caption\":\"C\u00e9cile Rivet\"},\"image\":{\"@id\":\"https:\\\/\\\/cecile-ecrit.com\\\/#\\\/schema\\\/logo\\\/image\\\/\"},\"sameAs\":[\"https:\\\/\\\/www.instagram.com\\\/cecile.ecrit\\\/\"]}]}<\/script>\n<!-- \/ Yoast SEO plugin. -->","yoast_head_json":{"title":"Pochette de livre en tissu - format broch\u00e9 - C\u00e9cile \u00e9crit","robots":{"index":"index","follow":"follow","max-snippet":"max-snippet:-1","max-image-preview":"max-image-preview:large","max-video-preview":"max-video-preview:-1"},"canonical":"https:\/\/cecile-ecrit.com\/?product=pochette-de-livre-en-tissu-format-broche-copie","og_locale":"fr_FR","og_type":"article","og_title":"Pochette de livre en tissu - format broch\u00e9 - C\u00e9cile \u00e9crit","og_description":"Pochette en tissu faite par mes soins :   Tissu en coton oeko-tex avec motifs g\u00e9om\u00e9triques dans les tons bleu pour l\u2019ext\u00e9rieur  Doublure int\u00e9rieure couleur jaune moutarde  Matelassage en ouate  Fermeture \u00e9lastique avec un bouton bois \u201chandmade with love\u201d","og_url":"https:\/\/cecile-ecrit.com\/?product=pochette-de-livre-en-tissu-format-broche-copie","og_site_name":"C\u00e9cile \u00e9crit","article_modified_time":"2024-09-27T20:53:35+00:00","og_image":[{"width":1875,"height":1797,"url":"https:\/\/cecile-ecrit.com\/wp-content\/uploads\/2023\/12\/20231203_134938-2.jpg","type":"image\/jpeg"}],"twitter_card":"summary_large_image","twitter_misc":{"Dur\u00e9e de lecture estim\u00e9e":"1 minute"},"schema":{"@context":"https:\/\/schema.org","@graph":[{"@type":"WebPage","@id":"https:\/\/cecile-ecrit.com\/?product=pochette-de-livre-en-tissu-format-broche-copie","url":"https:\/\/cecile-ecrit.com\/?product=pochette-de-livre-en-tissu-format-broche-copie","name":"Pochette de livre en tissu - format broch\u00e9 - C\u00e9cile \u00e9crit","isPartOf":{"@id":"https:\/\/cecile-ecrit.com\/#website"},"primaryImageOfPage":{"@id":"https:\/\/cecile-ecrit.com\/?product=pochette-de-livre-en-tissu-format-broche-copie#primaryimage"},"image":{"@id":"https:\/\/cecile-ecrit.com\/?product=pochette-de-livre-en-tissu-format-broche-copie#primaryimage"},"thumbnailUrl":"https:\/\/i0.wp.com\/cecile-ecrit.com\/wp-content\/uploads\/2023\/12\/20231203_134938-2.jpg?fit=1875%2C1797&ssl=1","datePublished":"2023-12-10T09:58:21+00:00","dateModified":"2024-09-27T20:53:35+00:00","breadcrumb":{"@id":"https:\/\/cecile-ecrit.com\/?product=pochette-de-livre-en-tissu-format-broche-copie#breadcrumb"},"inLanguage":"fr-FR","potentialAction":[{"@type":"ReadAction","target":["https:\/\/cecile-ecrit.com\/?product=pochette-de-livre-en-tissu-format-broche-copie"]}]},{"@type":"ImageObject","inLanguage":"fr-FR","@id":"https:\/\/cecile-ecrit.com\/?product=pochette-de-livre-en-tissu-format-broche-copie#primaryimage","url":"https:\/\/i0.wp.com\/cecile-ecrit.com\/wp-content\/uploads\/2023\/12\/20231203_134938-2.jpg?fit=1875%2C1797&ssl=1","contentUrl":"https:\/\/i0.wp.com\/cecile-ecrit.com\/wp-content\/uploads\/2023\/12\/20231203_134938-2.jpg?fit=1875%2C1797&ssl=1","width":1875,"height":1797},{"@type":"BreadcrumbList","@id":"https:\/\/cecile-ecrit.com\/?product=pochette-de-livre-en-tissu-format-broche-copie#breadcrumb","itemListElement":[{"@type":"ListItem","position":1,"name":"Accueil","item":"https:\/\/cecile-ecrit.com\/"},{"@type":"ListItem","position":2,"name":"Produits","item":"https:\/\/cecile-ecrit.com\/shop\/"},{"@type":"ListItem","position":3,"name":"Pochette de livre en tissu &#8211; format broch\u00e9"}]},{"@type":"WebSite","@id":"https:\/\/cecile-ecrit.com\/#website","url":"https:\/\/cecile-ecrit.com\/","name":"cecile-ecrit.com","description":"Acheter les livres de C\u00e9cile Rivet, lui laisser un avis ou la contacter ? C&#039;est par ici !","publisher":{"@id":"https:\/\/cecile-ecrit.com\/#organization"},"potentialAction":[{"@type":"SearchAction","target":{"@type":"EntryPoint","urlTemplate":"https:\/\/cecile-ecrit.com\/?s={search_term_string}"},"query-input":{"@type":"PropertyValueSpecification","valueRequired":true,"valueName":"search_term_string"}}],"inLanguage":"fr-FR"},{"@type":"Organization","@id":"https:\/\/cecile-ecrit.com\/#organization","name":"C\u00e9cile Rivet","url":"https:\/\/cecile-ecrit.com\/","logo":{"@type":"ImageObject","inLanguage":"fr-FR","@id":"https:\/\/cecile-ecrit.com\/#\/schema\/logo\/image\/","url":"https:\/\/cecile-ecrit.com\/wp-content\/uploads\/2023\/03\/cropped-Logo-site-petite-imgae.png","contentUrl":"https:\/\/cecile-ecrit.com\/wp-content\/uploads\/2023\/03\/cropped-Logo-site-petite-imgae.png","width":512,"height":512,"caption":"C\u00e9cile Rivet"},"image":{"@id":"https:\/\/cecile-ecrit.com\/#\/schema\/logo\/image\/"},"sameAs":["https:\/\/www.instagram.com\/cecile.ecrit\/"]}]}},"jetpack_sharing_enabled":true,"_links":{"self":[{"href":"https:\/\/cecile-ecrit.com\/index.php?rest_route=\/wp\/v2\/product\/2082","targetHints":{"allow":["GET"]}}],"collection":[{"href":"https:\/\/cecile-ecrit.com\/index.php?rest_route=\/wp\/v2\/product"}],"about":[{"href":"https:\/\/cecile-ecrit.com\/index.php?rest_route=\/wp\/v2\/types\/product"}],"replies":[{"embeddable":true,"href":"https:\/\/cecile-ecrit.com\/index.php?rest_route=%2Fwp%2Fv2%2Fcomments&post=2082"}],"wp:featuredmedia":[{"embeddable":true,"href":"https:\/\/cecile-ecrit.com\/index.php?rest_route=\/wp\/v2\/media\/2079"}],"wp:attachment":[{"href":"https:\/\/cecile-ecrit.com\/index.php?rest_route=%2Fwp%2Fv2%2Fmedia&parent=2082"}],"wp:term":[{"taxonomy":"product_brand","embeddable":true,"href":"https:\/\/cecile-ecrit.com\/index.php?rest_route=%2Fwp%2Fv2%2Fproduct_brand&post=2082"},{"taxonomy":"product_cat","embeddable":true,"href":"https:\/\/cecile-ecrit.com\/index.php?rest_route=%2Fwp%2Fv2%2Fproduct_cat&post=2082"},{"taxonomy":"product_tag","embeddable":true,"href":"https:\/\/cecile-ecrit.com\/index.php?rest_route=%2Fwp%2Fv2%2Fproduct_tag&post=2082"}],"curies":[{"name":"wp","href":"https:\/\/api.w.org\/{rel}","templated":true}]}}